{"id":988,"date":"2019-01-26T14:20:47","date_gmt":"2019-01-26T13:20:47","guid":{"rendered":"https:\/\/handel-sm.de\/wolle\/?post_type=product&#038;p=988"},"modified":"2025-04-23T19:04:59","modified_gmt":"2025-04-23T17:04:59","slug":"sockenwolle-ueberraschungspaket-500g","status":"publish","type":"product","link":"https:\/\/handel-sm.de\/wolle\/sockenwolle-ueberraschungspaket-500g\/","title":{"rendered":"Sockenwolle &#8211; \u00dcberraschungspaket -500g"},"content":{"rendered":"<div class=\"content\">\n<div class=\"field field-name-field-p-artikelnummer field-type-text field-label-above\">\n<div class=\"field-label\">\n<p><span style=\"font-size: large;\"><strong>Sockenwolle \u00dcberraschungspaket,<\/strong> 4 f\u00e4dig <\/span><\/p>\n<p><b>KOSTENLOSER VERSAND! &gt; <span style=\"color: #339966;\"><strong>Gutschein-Code: aktionsware<\/strong><\/span><\/b><\/p>\n<p>Ein Kn\u00e4uel (100 g) reicht f\u00fcr ein Paar Socken bis Gr\u00f6\u00dfe 46<\/p>\n<p>kostenlose Sockenstrickanleitung als PDF<\/p>\n<ul>\n<li><strong>Gr\u00f6\u00dfe:<\/strong> 5 x 100 g <span style=\"font-size: large;\">&#8211; K\u00f6rbchen nur Deko<\/span><\/li>\n<li><strong>Nadelst\u00e4rke:<\/strong> <span class=\"infopikto-lowertext\">2,5 &#8211; 3,5<\/span><\/li>\n<li><strong>Qualit\u00e4t:<\/strong>75 % Schurwolle (superwash), 25 % Polyamid<\/li>\n<li><strong>Maschenprobe:<\/strong> 10 x 10 cm = 30M\/42R.<\/li>\n<li><strong>Materialbedarf:<\/strong> 1 Kn\u00e4uel = 1 Paar Socken (bis Gr. 46)<\/li>\n<li><strong>Laufl\u00e4nge:<\/strong> 100 g \/ 420 m<\/li>\n<\/ul>\n<p>Foto kann von Wolle abweichen<\/p>\n<\/div>\n<\/div>\n<div class=\"infopiktogramme\">\n<div>\n<div class=\"field field-name-body field-type-text-with-summary field-label-hidden\">\n<div class=\"field-items\">\n<div class=\"field-item even\">\n<p><strong>Beschreibung<\/strong><\/p>\n<ul>\n<li>strapazierf\u00e4higes, maschinenwaschbares Sockengarn<\/li>\n<li>hohe Festigkeit des Sockengarnes durch 4 fach\u2013Verzwirnung und dadurch gute Haltbarkeit der Socken<\/li>\n<li>die Faser ist \u201esuperwash\u201c ausger\u00fcstet, ist daher problemlos in der Waschmaschine bei 30 C\u00b0 im Schonwaschgang waschbar, das Sockengarn verfilzt nicht.<\/li>\n<li>\u201esuperwash\u201c bedeutet, dass die Wolle durch chemische Verfahren filzfrei ausger\u00fcstet wird. Die Schuppen der Wolle werden hierbei teilweise abgel\u00f6st und somit am Verhaken (= verfilzen) gehindert. Zus\u00e4tzlich wird die Faser durch einen waschbest\u00e4ndigen Film gesch\u00fctzt.<\/li>\n<li>die Wolle wird dadurch wesentlich unempfindlicher, pflegeleichter.<\/li>\n<li>interessanter Farbverlauf<\/li>\n<\/ul>\n<p><strong>Verwendung \u2013 Strickideen<\/strong><\/p>\n<ul>\n<li>Socken f\u00fcr die ganze Familie<\/li>\n<li>Accessoires wie Handschuhe und M\u00fctzen<\/li>\n<\/ul>\n<\/div>\n<\/div>\n<\/div>\n<\/div>\n<\/div>\n<\/div>\n","protected":false},"excerpt":{"rendered":"<p><strong>Sockenwolle &#8211; \u00dcberraschungspaket &#8211; 500g<br \/>\n<\/strong><\/p>\n<p>Sockenwolle, 4 f\u00e4dig. Strapazierf\u00e4hig, waschmaschinenfest,<\/p>\n<p>Kostenloser Versand &gt;\u00a0<span style=\"color: #008000;\"><b><strong>Gutschein-Code: aktionsware<\/strong><\/b><\/span><\/p>\n","protected":false},"featured_media":1003,"template":"","meta":[],"product_brand":[],"product_cat":[159,35,169],"product_tag":[],"class_list":{"0":"post-988","1":"product","2":"type-product","3":"status-publish","4":"has-post-thumbnail","6":"product_cat-aktion","7":"product_cat-sockengarn-strumpfwolle","8":"product_cat-soxs-gruendl","10":"first","11":"instock","12":"taxable","13":"shipping-taxable","14":"purchasable","15":"product-type-simple"},"_links":{"self":[{"href":"https:\/\/handel-sm.de\/wolle\/wp-json\/wp\/v2\/product\/988","targetHints":{"allow":["GET"]}}],"collection":[{"href":"https:\/\/handel-sm.de\/wolle\/wp-json\/wp\/v2\/product"}],"about":[{"href":"https:\/\/handel-sm.de\/wolle\/wp-json\/wp\/v2\/types\/product"}],"wp:featuredmedia":[{"embeddable":true,"href":"https:\/\/handel-sm.de\/wolle\/wp-json\/wp\/v2\/media\/1003"}],"wp:attachment":[{"href":"https:\/\/handel-sm.de\/wolle\/wp-json\/wp\/v2\/media?parent=988"}],"wp:term":[{"taxonomy":"product_brand","embeddable":true,"href":"https:\/\/handel-sm.de\/wolle\/wp-json\/wp\/v2\/product_brand?post=988"},{"taxonomy":"product_cat","embeddable":true,"href":"https:\/\/handel-sm.de\/wolle\/wp-json\/wp\/v2\/product_cat?post=988"},{"taxonomy":"product_tag","embeddable":true,"href":"https:\/\/handel-sm.de\/wolle\/wp-json\/wp\/v2\/product_tag?post=988"}],"curies":[{"name":"wp","href":"https:\/\/api.w.org\/{rel}","templated":true}]}}