{"id":9822,"date":"2022-03-24T18:15:58","date_gmt":"2022-03-24T17:15:58","guid":{"rendered":"https:\/\/handel-sm.de\/wolle\/?post_type=product&#038;p=9822"},"modified":"2025-05-17T18:52:17","modified_gmt":"2025-05-17T16:52:17","slug":"magic-diamond-color-stone-color-200g","status":"publish","type":"product","link":"https:\/\/handel-sm.de\/wolle\/magic-diamond-color-stone-color-200g\/","title":{"rendered":"Magic Diamond Color stone color, 200g"},"content":{"rendered":"<div id=\"product-description-short\">\n<h2>Magic Diamond Color stone color &#8211; 200g Gro\u00dfkn\u00e4uel<strong><br \/>\n<\/strong><\/h2>\n<p>Ein Markengarn von Schachenmayr mit bunten Streifen-Print im klassischen Schwarz-Grau .<\/p>\n<p>Ein Klassiker in attraktiver Diamant-Kn\u00e4uelung f\u00fcr Strick-Projekte aller Art. Mit nur einem Kn\u00e4uel k\u00f6nnen Sie ein Schal, eine M\u00fctze oder sogar ein Kissen stricken!<\/p>\n<h3>Farbverlaufsgarn in limitierter Auflage von Schachenmayr<strong><br \/>\n<\/strong><\/h3>\n<p>Der <strong>schwarz-graue Farbverlauf<\/strong> verleiht Ihren Strickprojekten farbenfrohe Streifen.<\/p>\n<p>Stricken Sie einzigartige und bunte Kleidungsst\u00fccke mit <strong>schwarz-grauen<\/strong> <strong>Streifen<\/strong> in Magic Diamond! Pullover, Schals, M\u00fctzen, Kissen\u2026 Lassen Sie Ihrer Fantasie freien Lauf! Ein pflegeleichtes und strapazierf\u00e4higes Garn aus 100% Polyacryl in attraktiver Diamant-Kn\u00e4uelung f\u00fcr Projekte aller Art.<\/p>\n<p><a href=\"https:\/\/www.oeko-tex.com\/de\/label-check\/detail?number=18.0.41210\" target=\"_blank\" rel=\"noopener\"><strong>\u00d6ko-Tex Standard 100 18.0.41210 Hohenstein HTTI<\/strong><\/a><\/p>\n<\/div>\n<div id=\"product-description-short\">\n<h3>&#8222;MAGIC DIAMOND Color Schachenmayr Special Edition 200 g&#8220; &#8211; Verbrauch:<\/h3>\n<ul>\n<li>F\u00fcr eine M\u00fctze brauchen Sie nur 1 Kn\u00e4uel.<\/li>\n<li>F\u00fcr ein Schal (ungef\u00e4hr 17.5 cm x 135 cm) brauchen Sie 1 Kn\u00e4uel.<\/li>\n<li>F\u00fcr einen Kissen (40 cm x 40 cm) brauchen Sie 1 Kn\u00e4uel.<\/li>\n<li><b>Zusammensetzung: <\/b>100% Polyacryl<\/li>\n<li><b>Laufl\u00e4nge: <\/b>330 m<\/li>\n<li><b>Kn\u00e4uelgewicht: <\/b>200 g<\/li>\n<li><b>Nadel-Nr: <\/b>5,0 &#8211; 6,0 mm<\/li>\n<li><b>Maschenprobe:<\/b>15 Maschen x 20 Reihen = 10 cm x 10 cm<\/li>\n<li><b>Pflegehinweis<\/b>\n<div class=\"field-items\">\n<div class=\"field-item even\"><img data-recalc-dims=\"1\" loading=\"lazy\" decoding=\"async\" class=\"img-responsive lazy-load-active lazy-loaded\" src=\"https:\/\/i0.wp.com\/schachenmayr.com\/sites\/default\/files\/styles\/care_instruction_small_image\/public\/gin_sym_was_40_mild-europe.png?resize=40%2C40&#038;ssl=1\" alt=\"\" width=\"40\" height=\"40\" data-src=\"https:\/\/schachenmayr.com\/sites\/default\/files\/styles\/care_instruction_small_image\/public\/gin_sym_was_40_mild-europe.png?itok=C4lB9nZd\" data-><img data-recalc-dims=\"1\" loading=\"lazy\" decoding=\"async\" class=\"img-responsive lazy-load-active lazy-loaded\" src=\"https:\/\/i0.wp.com\/schachenmayr.com\/sites\/default\/files\/styles\/care_instruction_small_image\/public\/gin_sym_ble_not-europe.png?resize=40%2C40&#038;ssl=1\" alt=\"\" width=\"40\" height=\"40\" data-src=\"https:\/\/schachenmayr.com\/sites\/default\/files\/styles\/care_instruction_small_image\/public\/gin_sym_ble_not-europe.png?itok=fKGEJ9d7\" data-><img data-recalc-dims=\"1\" loading=\"lazy\" decoding=\"async\" class=\"img-responsive lazy-load-active lazy-loaded\" src=\"https:\/\/i0.wp.com\/schachenmayr.com\/sites\/default\/files\/styles\/care_instruction_small_image\/public\/gin_sym_dry_low-europe_0.png?resize=41%2C41&#038;ssl=1\" alt=\"\" width=\"41\" height=\"41\" data-src=\"https:\/\/schachenmayr.com\/sites\/default\/files\/styles\/care_instruction_small_image\/public\/gin_sym_dry_low-europe_0.png?itok=U1g7IixR\" data-><img data-recalc-dims=\"1\" loading=\"lazy\" decoding=\"async\" class=\"img-responsive lazy-load-active lazy-loaded\" src=\"https:\/\/i0.wp.com\/schachenmayr.com\/sites\/default\/files\/styles\/care_instruction_small_image\/public\/gin_sym_iro_not-europe.png?resize=40%2C40&#038;ssl=1\" alt=\"\" width=\"40\" height=\"40\" data-src=\"https:\/\/schachenmayr.com\/sites\/default\/files\/styles\/care_instruction_small_image\/public\/gin_sym_iro_not-europe.png?itok=IOLjiNXg\" data-><\/div>\n<\/div>\n<div><\/div>\n<\/li>\n<\/ul>\n<h4>Anleitungen dazu finden Sie hier:<\/h4>\n<div><a title=\"Magic-Diamond-Color-Kissen\" href=\"https:\/\/handel-sm.de\/wolle\/wp-content\/uploads\/sites\/2\/2022\/03\/Magic-Diamond-Color-Kissen_S10895_DE.pdf\">Magic Diamond Color Kissen<\/a><\/div>\n<div><a href=\"https:\/\/handel-sm.de\/wolle\/wp-content\/uploads\/sites\/2\/2022\/03\/Magic-Diamond-Color-Luna-Kindmuetze_S10895_DE.pdf\">Magic-Diamond-Color-Luna-Kindermuetze<\/a><\/div>\n<div><a href=\"https:\/\/handel-sm.de\/wolle\/wp-content\/uploads\/sites\/2\/2022\/03\/Magic-Diamond-Color-Luna-Kindschal_S10895_DE.pdf\">Magic-Diamond-Color-Luna-Kinderschal<\/a><\/div>\n<\/div>\n","protected":false},"excerpt":{"rendered":"<h3>Farbverlaufsgarn in limitierter Auflage von Schachenmayr<strong><br \/>\n<\/strong><\/h3>\n<p>Der <strong>schwarz-graue Farbverlauf<\/strong> verleiht Ihren Strickprojekten farbenfrohe Streifen.<\/p>\n<p>Stricken Sie einzigartige und bunte Kleidungsst\u00fccke mit\u00a0<strong>schwarz-grauen Streifen<\/strong> in Magic Diamond! Pullover, Schals, M\u00fctzen, Kissen\u2026 Lassen Sie Ihrer Fantasie freien Lauf! Ein pflegeleichtes und strapazierf\u00e4higes Garn aus 100% Polyacryl in attraktiver Diamant-Kn\u00e4uelung f\u00fcr Projekte aller Art.<\/p>\n","protected":false},"featured_media":9803,"template":"","meta":[],"product_brand":[],"product_cat":[198,159,55],"product_tag":[],"class_list":{"0":"post-9822","1":"product","2":"type-product","3":"status-publish","4":"has-post-thumbnail","6":"product_cat-magic-diamond-color-special-edition-200g","7":"product_cat-aktion","8":"product_cat-schalgarn-muetzengarn","10":"first","11":"instock","12":"sale","13":"taxable","14":"shipping-taxable","15":"purchasable","16":"product-type-simple"},"_links":{"self":[{"href":"https:\/\/handel-sm.de\/wolle\/wp-json\/wp\/v2\/product\/9822","targetHints":{"allow":["GET"]}}],"collection":[{"href":"https:\/\/handel-sm.de\/wolle\/wp-json\/wp\/v2\/product"}],"about":[{"href":"https:\/\/handel-sm.de\/wolle\/wp-json\/wp\/v2\/types\/product"}],"wp:featuredmedia":[{"embeddable":true,"href":"https:\/\/handel-sm.de\/wolle\/wp-json\/wp\/v2\/media\/9803"}],"wp:attachment":[{"href":"https:\/\/handel-sm.de\/wolle\/wp-json\/wp\/v2\/media?parent=9822"}],"wp:term":[{"taxonomy":"product_brand","embeddable":true,"href":"https:\/\/handel-sm.de\/wolle\/wp-json\/wp\/v2\/product_brand?post=9822"},{"taxonomy":"product_cat","embeddable":true,"href":"https:\/\/handel-sm.de\/wolle\/wp-json\/wp\/v2\/product_cat?post=9822"},{"taxonomy":"product_tag","embeddable":true,"href":"https:\/\/handel-sm.de\/wolle\/wp-json\/wp\/v2\/product_tag?post=9822"}],"curies":[{"name":"wp","href":"https:\/\/api.w.org\/{rel}","templated":true}]}}