{"id":9703,"date":"2022-01-14T19:45:39","date_gmt":"2022-01-14T18:45:39","guid":{"rendered":"https:\/\/handel-sm.de\/wolle\/?post_type=product&#038;p=9703"},"modified":"2024-10-25T19:35:40","modified_gmt":"2024-10-25T17:35:40","slug":"big-colour-twist-rosa-multicolor-200","status":"publish","type":"product","link":"https:\/\/handel-sm.de\/wolle\/big-colour-twist-rosa-multicolor-200\/","title":{"rendered":"Big Colour Twist rosa-multicolor, 200g"},"content":{"rendered":"<h2>Farbenfrohes Effektgarn &#8211; 200g &#8211; als vorteilhaftes Gro\u00dfkn\u00e4uel<\/h2>\n<p><strong>Big Colour Twist rosa-multicolor<\/strong> ist ein Farbverlaufsgarn mit spannendem Twist-Effekt zum g\u00fcnstigen Preis.<\/p>\n<p>Ideal f\u00fcr das Stricken von kuscheligen Accessoires wie z. B. M\u00fctzen, Loops, Schals und Handschuhe. Auch f\u00fcr ganz besonders farbenfrohe Deko-Kissen mit tollem Farbeffekt geeignet.<\/p>\n<p>Der lebhafte Farbverlauf entsteht direkt aus dem Kn\u00e4uel beim Stricken.<\/p>\n<h2>Big Colour Twist rosa-multicolor von Gr\u00fcndl<\/h2>\n<p>Ein Markengarn von Gr\u00fcndl mit abwechslungsreichem, faszinierenden Farbverlauf, weich, warm, kuschelig, pflegeleicht und volumin\u00f6s, kratzt nicht auf der Haut, der faszinierende Farbeffekt kommt direkt aus dem Kn\u00e4uel.<\/p>\n<p>Es entstehen ganz besondere, einzigartige flauschige Pullover, Jacken, Accessoires und Dekos f\u00fcr Zuhause durch den langen Farbverlauf. Garantiert ein Blickfang f\u00fcr die Augen.<\/p>\n<p>Ergiebiges Schnellstrickgarn mit 312 m Laufl\u00e4nge besticht durch sein Preis-\/Leistungsverh\u00e4ltnis. Durch die gro\u00dfen Nadeln gibt es einen schnellen Strickerfolg. Ein Garn, strapazierf\u00e4hig, langlebig und waschbest\u00e4ndig ist.<\/p>\n<p><strong>Anleitung fu\u0308r Loop und Mu\u0308tze in der Banderole<\/strong>. Oder<\/p>\n<p><strong><span dir=\"ltr\" role=\"presentation\">BIG COLOUR TWIST &#8211; <\/span><\/strong><span dir=\"ltr\" role=\"presentation\"><strong>M\u00fctze mit Bommel und Loop im Patentmuster<\/strong> ZUM DOWNLOAD<br \/>\n<\/span><\/p>\n<p><a href=\"https:\/\/handel-sm.de\/wolle\/wp-content\/uploads\/sites\/2\/2022\/01\/Big-Colour-Twist-Muetze-mit-Bommel-und-Loop-im-Patentmuster.pdf\">https:\/\/handel-sm.de\/wolle\/wp-content\/uploads\/sites\/2\/2022\/01\/Big-Colour-Twist-Muetze-mit-Bommel-und-Loop-im-Patentmuster.pdf<\/a><\/p>\n<p>OEKO-TEX\u00ae-zertifizierte ausdruckstarke Multicolor-Farben..<\/p>\n<p><a href=\"https:\/\/www.oeko-tex.com\/de\/label-check\/detail?number=16.0.77241\" target=\"_blank\" rel=\"noopener\">\u00d6ko-Tex 16.0.77241 Hohenstein HTTI<\/a><\/p>\n<p><img data-recalc-dims=\"1\" loading=\"lazy\" decoding=\"async\" class=\"\" src=\"https:\/\/i0.wp.com\/handel-sm.de\/wolle\/wp-content\/uploads\/sites\/2\/2022\/01\/Oeko-Tex-16077241_de.jpg?resize=139%2C72&#038;ssl=1\" width=\"139\" height=\"72\" alt=\"\"><\/p>\n<table class=\"table-sm table-borderless mb-0 product-detail-properties-table\">\n<tbody>\n<tr class=\"properties-row\">\n<th class=\"properties-label\">Zusammensetzung:<\/th>\n<td class=\"properties-value\">100 % Polyacryl<\/td>\n<\/tr>\n<tr class=\"properties-row\">\n<th class=\"properties-label\">Gewicht\/Laufl\u00e4nge:<\/th>\n<td class=\"properties-value\">200 g \/ 312 m<\/td>\n<\/tr>\n<tr class=\"properties-row\">\n<th class=\"properties-label\">Maschenprobe:<\/th>\n<td class=\"properties-value\">14 M x 20 R = 10 x 10 cm<\/td>\n<\/tr>\n<tr class=\"properties-row\">\n<th class=\"properties-label\">Nadelst\u00e4rke:<\/th>\n<td class=\"properties-value\">6 mm &#8211; 7 mm<\/td>\n<\/tr>\n<tr class=\"properties-row\">\n<th class=\"properties-label\">Materialverbrauch:<\/th>\n<td class=\"properties-value\">Pullover (Gr. 38) = 500 g<\/td>\n<\/tr>\n<tr class=\"properties-row\">\n<th class=\"properties-label\">Zertifizierung:<\/th>\n<td class=\"properties-value\">OEKO-TEX \u00ae<\/td>\n<\/tr>\n<tr class=\"properties-row\">\n<th class=\"properties-label properties-label-pf pt-3\">Pflegehinweise:<\/th>\n<td class=\"properties-value pt-3\"><img data-recalc-dims=\"1\" loading=\"lazy\" decoding=\"async\" class=\"product-caresymbol\" src=\"https:\/\/i0.wp.com\/www.gruendl.com\/media\/a0\/7c\/35\/1593448275\/G_TTKZ_Waesche_Wollwaschgang_30.png?resize=46%2C46&#038;ssl=1\" width=\"46\" height=\"46\" data-symbol=\"pf_wasch 9\" alt=\"\"> <img data-recalc-dims=\"1\" loading=\"lazy\" decoding=\"async\" class=\"product-caresymbol\" src=\"https:\/\/i0.wp.com\/www.gruendl.com\/media\/32\/47\/40\/1593448276\/G_TTKZ_Waesche_NichtBleichen.png?resize=45%2C45&#038;ssl=1\" width=\"45\" height=\"45\" data-symbol=\"pf_bleich 2\" alt=\"\"> <img data-recalc-dims=\"1\" loading=\"lazy\" decoding=\"async\" class=\"product-caresymbol\" src=\"https:\/\/i0.wp.com\/www.gruendl.com\/media\/c1\/39\/50\/1593448276\/G_TTKZ_Waesche_KeinTrockner.png?resize=45%2C45&#038;ssl=1\" width=\"45\" height=\"45\" data-symbol=\"pf_trock 2\" alt=\"\"> <img data-recalc-dims=\"1\" loading=\"lazy\" decoding=\"async\" class=\"product-caresymbol\" src=\"https:\/\/i0.wp.com\/www.gruendl.com\/media\/e9\/49\/22\/1593448275\/G_TTKZ_Buegeln_Nicht.png?resize=45%2C45&#038;ssl=1\" width=\"45\" height=\"45\" data-symbol=\"pf_bueg 14\" alt=\"\"> <img data-recalc-dims=\"1\" loading=\"lazy\" decoding=\"async\" class=\"product-caresymbol\" src=\"https:\/\/i0.wp.com\/www.gruendl.com\/media\/29\/78\/bb\/1593448275\/G_TTKZ_Waesche_ChemischReinigenMgl.png?resize=45%2C45&#038;ssl=1\" width=\"45\" height=\"45\" data-symbol=\"pf_chem 1\" alt=\"\"> <img data-recalc-dims=\"1\" loading=\"lazy\" decoding=\"async\" class=\"product-caresymbol\" src=\"https:\/\/i0.wp.com\/www.gruendl.com\/media\/ba\/2b\/1d\/1618215910\/Liegend_waschen.png?resize=45%2C45&#038;ssl=1\" width=\"45\" height=\"45\" data-symbol=\"pf_liegtrock 1\" alt=\"\"><\/td>\n<\/tr>\n<\/tbody>\n<\/table>\n","protected":false},"excerpt":{"rendered":"<h2>Farbenfrohes Effektgarn &#8211; 200g &#8211; als vorteilhaftes Gro\u00dfkn\u00e4uel<\/h2>\n<p><strong>Big Colour Twist rosa-multicolor<\/strong> ist ein Farbverlaufsgarn mit spannendem Twist-Effekt zum g\u00fcnstigen Preis.<\/p>\n<p>Ideal f\u00fcr das Stricken von kuscheligen Accessoires wie z. B. M\u00fctzen, Loops, Schals und Handschuhe. Auch f\u00fcr ganz besonders farbenfrohe Deko-Kissen mit tollem Farbeffekt geeignet.<\/p>\n<p>Der lebhafte Farbverlauf entsteht direkt aus dem Kn\u00e4uel beim Stricken.<\/p>\n","protected":false},"featured_media":9684,"template":"","meta":[],"product_brand":[],"product_cat":[195,55],"product_tag":[],"class_list":{"0":"post-9703","1":"product","2":"type-product","3":"status-publish","4":"has-post-thumbnail","6":"product_cat-big-colour-twist","7":"product_cat-schalgarn-muetzengarn","9":"first","10":"instock","11":"taxable","12":"shipping-taxable","13":"purchasable","14":"product-type-simple"},"_links":{"self":[{"href":"https:\/\/handel-sm.de\/wolle\/wp-json\/wp\/v2\/product\/9703","targetHints":{"allow":["GET"]}}],"collection":[{"href":"https:\/\/handel-sm.de\/wolle\/wp-json\/wp\/v2\/product"}],"about":[{"href":"https:\/\/handel-sm.de\/wolle\/wp-json\/wp\/v2\/types\/product"}],"wp:featuredmedia":[{"embeddable":true,"href":"https:\/\/handel-sm.de\/wolle\/wp-json\/wp\/v2\/media\/9684"}],"wp:attachment":[{"href":"https:\/\/handel-sm.de\/wolle\/wp-json\/wp\/v2\/media?parent=9703"}],"wp:term":[{"taxonomy":"product_brand","embeddable":true,"href":"https:\/\/handel-sm.de\/wolle\/wp-json\/wp\/v2\/product_brand?post=9703"},{"taxonomy":"product_cat","embeddable":true,"href":"https:\/\/handel-sm.de\/wolle\/wp-json\/wp\/v2\/product_cat?post=9703"},{"taxonomy":"product_tag","embeddable":true,"href":"https:\/\/handel-sm.de\/wolle\/wp-json\/wp\/v2\/product_tag?post=9703"}],"curies":[{"name":"wp","href":"https:\/\/api.w.org\/{rel}","templated":true}]}}