{"id":95,"date":"2018-01-01T19:41:14","date_gmt":"2018-01-01T18:41:14","guid":{"rendered":"http:\/\/handel-sm.de\/wolle\/produkt\/import-placeholder-for-236\/"},"modified":"2024-10-25T19:35:42","modified_gmt":"2024-10-25T17:35:42","slug":"flotte-socke-6fach-schwarz","status":"publish","type":"product","link":"https:\/\/handel-sm.de\/wolle\/flotte-socke-6fach-schwarz\/","title":{"rendered":"Flotte Socke 6fach schwarz"},"content":{"rendered":"<p><strong>Sockenwolle, 6f\u00e4dig<\/strong>. 50% dicker als 4 f\u00e4dige Sockenwolle. Strapazierf\u00e4hig, waschmaschinenfest, trocknergeeignet.<\/p>\n<p><strong>Farbe:<\/strong> schwarz<br \/>\n<strong>Zusammensetzung:<\/strong> 75% Schurwolle superwash, 25% Polyamid<br \/>\n<strong>Laufl\u00e4nge:<\/strong> 50 g = ca. 125 m<br \/>\n<strong>Nadelst\u00e4rke:<\/strong> 3-4<br \/>\n<strong>Maschenprobe: <\/strong> 10 x 10 cm = 24M\/36R<br \/>\n<strong>Materialverbrauch:<\/strong> 3 Kn\u00e4uel = 1 Paar Socken<\/p>\n","protected":false},"excerpt":{"rendered":"<p><strong>Sockenwolle<strong>, in Schwarz 6f\u00e4dig.<\/strong><\/strong> 50% dicker als 4f\u00e4dige Sockenwolle. Ideal zum Stricken von Socken, aber auch f\u00fcr Baby-sch\u00fchchen und -handschuhe, Baby-Janker (Jacke), Dreiecks(schulter)tuch, Stulpen und Handschuhe empfehlenswert.<\/p>\n","protected":false},"featured_media":54,"template":"","meta":[],"product_brand":[],"product_cat":[145,157,35],"product_tag":[99,65,66],"class_list":{"0":"post-95","1":"product","2":"type-product","3":"status-publish","4":"has-post-thumbnail","6":"product_cat-babywolle-babygarn","7":"product_cat-6fach-wolle","8":"product_cat-sockengarn-strumpfwolle","9":"product_tag-flotte-socke-6fach-schwarz-online-kaufen","10":"product_tag-sockenwolle","11":"product_tag-strumpfwolle","13":"first","14":"instock","15":"taxable","16":"shipping-taxable","17":"purchasable","18":"product-type-simple"},"_links":{"self":[{"href":"https:\/\/handel-sm.de\/wolle\/wp-json\/wp\/v2\/product\/95","targetHints":{"allow":["GET"]}}],"collection":[{"href":"https:\/\/handel-sm.de\/wolle\/wp-json\/wp\/v2\/product"}],"about":[{"href":"https:\/\/handel-sm.de\/wolle\/wp-json\/wp\/v2\/types\/product"}],"wp:featuredmedia":[{"embeddable":true,"href":"https:\/\/handel-sm.de\/wolle\/wp-json\/wp\/v2\/media\/54"}],"wp:attachment":[{"href":"https:\/\/handel-sm.de\/wolle\/wp-json\/wp\/v2\/media?parent=95"}],"wp:term":[{"taxonomy":"product_brand","embeddable":true,"href":"https:\/\/handel-sm.de\/wolle\/wp-json\/wp\/v2\/product_brand?post=95"},{"taxonomy":"product_cat","embeddable":true,"href":"https:\/\/handel-sm.de\/wolle\/wp-json\/wp\/v2\/product_cat?post=95"},{"taxonomy":"product_tag","embeddable":true,"href":"https:\/\/handel-sm.de\/wolle\/wp-json\/wp\/v2\/product_tag?post=95"}],"curies":[{"name":"wp","href":"https:\/\/api.w.org\/{rel}","templated":true}]}}