{"id":9382,"date":"2021-07-18T22:04:17","date_gmt":"2021-07-18T20:04:17","guid":{"rendered":"https:\/\/handel-sm.de\/wolle\/?post_type=product&#038;p=9382"},"modified":"2024-10-25T19:35:41","modified_gmt":"2024-10-25T17:35:41","slug":"flotte-socke-samba-cognac-kastanie-gruen-pink","status":"publish","type":"product","link":"https:\/\/handel-sm.de\/wolle\/flotte-socke-samba-cognac-kastanie-gruen-pink\/","title":{"rendered":"Flotte Socke 4f\u00e4dig, Samba cognac-kastanie-gr\u00fcn-pink"},"content":{"rendered":"<h2 class=\"product--title\">Rellana &#8211; Flotte Socke Samba cognac-kastanie-gr\u00fcn-pink<\/h2>\n<p><strong>100 g Sockenwolle<\/strong>, 4f\u00e4dig von Rellana in der wundersch\u00f6nen Farbkombination cognac-kastanie-gr\u00fcn-pink. Strapazierf\u00e4hig, waschmaschinenfest, trocknergeeignet, <a href=\"https:\/\/handel-sm.de\/blog\/superwash\/\">filzfrei durch Superwash<\/a>, f\u00fcr Handstrickapparat geeignet. Durch Ihre Zusammensetzung ist sie <strong>sehr angenehm auf der Haut<\/strong> zu tragen.<\/p>\n<p>Die Herkunft der hochwertigen Schurwolle in diesem Garn ist S\u00fcdamerika, \u00fcberwiegend Uruguay und Argentinien und es ist <strong>mulesingfrei.<\/strong><\/p>\n<div class=\"detail--attributes\">\n<div class=\"product--properties\">\n<p>Stricken oder H\u00e4keln Sie sich kuschelige Socken, Handstulpen, Pullover etc.<\/p>\n<header class=\"product--header\"><\/header>\n<p><strong>Zusammensetzung:<\/strong><br \/>\n75% Schurwolle Superwash, 25% Polyamid<\/p>\n<p><strong>Saison:<\/strong><br \/>\nFr\u00fchjahr \/ Sommer, Herbst \/ Winter<\/p>\n<p><strong>Verpackungseinheit:<\/strong><br \/>\n100 g<\/p>\n<p><strong>Verbrauch:<\/strong><br \/>\nSocken bis Gr. 46 = 100 g, 500 g f\u00fcr einen lang\u00e4rmeligen Damenpullover Gr\u00f6\u00dfe 40<\/p>\n<p><strong>Laufl\u00e4nge:<\/strong><br \/>\n100 g = ca. 420 m<\/p>\n<p><strong>Nadelst\u00e4rke :<\/strong><br \/>\n2-3<\/p>\n<p><strong>Maschenprobe:<\/strong><br \/>\n10 x 10 cm = 30 M | 40 R<\/p>\n<p><strong>Waschanleitung:<\/strong><br \/>\n<img data-recalc-dims=\"1\" decoding=\"async\" class=\"icon\" title=\"Waschen-40-Grad-Pflegeleicht\" src=\"https:\/\/i0.wp.com\/versand.rellana.de\/media\/image\/db\/8c\/f9\/Waschen-40-Grad-Pflegeleicht.jpg?w=750&#038;ssl=1\" alt=\"Waschen-40-Grad-Pflegeleicht\" \/><img data-recalc-dims=\"1\" decoding=\"async\" class=\"icon\" title=\"Trockner-Schonend\" src=\"https:\/\/i0.wp.com\/versand.rellana.de\/media\/image\/69\/1c\/e8\/Trockner-Schonend.jpg?w=750&#038;ssl=1\" alt=\"Trockner-Schonend\" \/><img data-recalc-dims=\"1\" decoding=\"async\" class=\"icon\" title=\"Trockenreinigung\" src=\"https:\/\/i0.wp.com\/versand.rellana.de\/media\/image\/8e\/88\/0a\/Trockenreinigung.jpg?w=750&#038;ssl=1\" alt=\"Trockenreinigung\" \/><img data-recalc-dims=\"1\" decoding=\"async\" class=\"icon\" title=\"Maschine\" src=\"https:\/\/i0.wp.com\/versand.rellana.de\/media\/image\/3f\/93\/06\/Maschine.jpg?w=750&#038;ssl=1\" alt=\"Maschine\" \/><img data-recalc-dims=\"1\" decoding=\"async\" class=\"icon\" title=\"B\u00fcgeln-1\" src=\"https:\/\/i0.wp.com\/versand.rellana.de\/media\/image\/de\/18\/30\/Bugeln-1.jpg?w=750&#038;ssl=1\" alt=\"B\u00fcgeln-1\" \/><\/p>\n<header class=\"product--header\">\n<div class=\"product--info\">\n<h1 class=\"product--title\"><\/h1>\n<\/div>\n<\/header>\n<\/div>\n<\/div>\n","protected":false},"excerpt":{"rendered":"<h2 class=\"product--title\">Rellana &#8211; Flotte Socke Samba cognac-kastanie-gr\u00fcn-pink<\/h2>\n<p><strong>Sockenwolle 100 g<\/strong>, 4f\u00e4dig von Rellana in der wundersch\u00f6nen Farbkombination cognac-kastanie-gr\u00fcn-pink. Strapazierf\u00e4hig, waschmaschinenfest, trocknergeeignet, 75% Schurwolle, <a href=\"https:\/\/handel-sm.de\/blog\/superwash\/\">filzfrei durch Superwash<\/a>, f\u00fcr Handstrickapparat geeignet.<\/p>\n","protected":false},"featured_media":9067,"template":"","meta":[],"product_brand":[],"product_cat":[35,194],"product_tag":[],"class_list":{"0":"post-9382","1":"product","2":"type-product","3":"status-publish","4":"has-post-thumbnail","6":"product_cat-sockengarn-strumpfwolle","7":"product_cat-flotte-socke-rellana","9":"first","10":"instock","11":"taxable","12":"shipping-taxable","13":"purchasable","14":"product-type-simple"},"_links":{"self":[{"href":"https:\/\/handel-sm.de\/wolle\/wp-json\/wp\/v2\/product\/9382","targetHints":{"allow":["GET"]}}],"collection":[{"href":"https:\/\/handel-sm.de\/wolle\/wp-json\/wp\/v2\/product"}],"about":[{"href":"https:\/\/handel-sm.de\/wolle\/wp-json\/wp\/v2\/types\/product"}],"wp:featuredmedia":[{"embeddable":true,"href":"https:\/\/handel-sm.de\/wolle\/wp-json\/wp\/v2\/media\/9067"}],"wp:attachment":[{"href":"https:\/\/handel-sm.de\/wolle\/wp-json\/wp\/v2\/media?parent=9382"}],"wp:term":[{"taxonomy":"product_brand","embeddable":true,"href":"https:\/\/handel-sm.de\/wolle\/wp-json\/wp\/v2\/product_brand?post=9382"},{"taxonomy":"product_cat","embeddable":true,"href":"https:\/\/handel-sm.de\/wolle\/wp-json\/wp\/v2\/product_cat?post=9382"},{"taxonomy":"product_tag","embeddable":true,"href":"https:\/\/handel-sm.de\/wolle\/wp-json\/wp\/v2\/product_tag?post=9382"}],"curies":[{"name":"wp","href":"https:\/\/api.w.org\/{rel}","templated":true}]}}