{"id":9218,"date":"2021-03-08T12:29:21","date_gmt":"2021-03-08T11:29:21","guid":{"rendered":"https:\/\/handel-sm.de\/wolle\/?post_type=product&#038;p=9218"},"modified":"2025-09-24T16:16:33","modified_gmt":"2025-09-24T14:16:33","slug":"regenbogen-mirage-scarlet-ibis-200g","status":"publish","type":"product","link":"https:\/\/handel-sm.de\/wolle\/regenbogen-mirage-scarlet-ibis-200g\/","title":{"rendered":"Regenbogen Mirage Scarlet ibis, 200g"},"content":{"rendered":"<h2>Farbverlaufsgarn &#8211; Per Hand gewickelt!<\/h2>\n<p>Das Garn besteht aus 4 F\u00e4den und 6 Farben. Das Garn ist nicht gefacht, sondern gezwirnt. Es ist knotenfrei, die \u00dcberg\u00e4nge sind kaum wahrnehmbar, da die F\u00e4den an den Farb\u00fcberg\u00e4ngen mit Luftdruck zusammengepresst werden.<\/p>\n<p><strong>Sommergarn &#8211; Regenbogen Mirage Scarlet ibis<\/strong><\/p>\n<p>F\u00fcr k\u00fchle Sommerabende oder Fr\u00fchlingsabende ist ein Tuch, Schal oder Stola aus dem <strong>Sommergarn &#8211; Regenbogen Mirage Scarlet ibis<\/strong> ideal. Die wundervollen T\u00fccher entstehen aus jeweils einem Bobbel Regenbogen Mirage. Wenn man sich an die Anleitung h\u00e4lt, entstehen gestrickte und geh\u00e4kelte T\u00fccher, Stolas und Schals wie von Geisterhand direkt aus dem Bobbel heraus. Ein Gro\u00dfkn\u00e4uel von 200 g als Bobbel geformt ist ausreichend f\u00fcr ein Tuch.<\/p>\n<p>Auf der R\u00fcckseite der Banderole befindet sich eine Anleitung zu einem Streifenschal \u201ekreuz &amp; quer&#8220;.<\/p>\n<p><strong>Die bekannte Designerin Sylvie Rasch (CraSy Sylvie) hat f\u00fcr uns zwei\u00a0Youtube-Videos\u00a0mit einer\u00a0<\/strong><a href=\"https:\/\/www.youtube.com\/watch?v=X5I1zI8sk3A\" target=\"_blank\" rel=\"noopener\"><strong>Strickanleitung<\/strong><\/a><strong>\u00a0und einer\u00a0<\/strong><a href=\"https:\/\/www.youtube.com\/watch?v=u5FBXhWdaXo\" target=\"_blank\" rel=\"noopener\"><strong>H\u00e4kelanleitung<\/strong><\/a><strong>\u00a0f\u00fcr ein wundersch\u00f6nes und auch einfaches Tuch aus unserer Qualit\u00e4t Regenbogen Mirage Royal gemacht!<\/strong><strong>\u00a0Dieses Tuch kann auch mit Regenbogen Mirage gestrickt werden.<\/strong><\/p>\n<p><img data-recalc-dims=\"1\" loading=\"lazy\" decoding=\"async\" class=\"alignnone wp-image-9223 size-full\" src=\"https:\/\/i0.wp.com\/handel-sm.de\/wolle\/wp-content\/uploads\/sites\/2\/2021\/03\/Regenbogen-Mirage-Einfaches-Tuch.pdf-Anleitung-1.png?resize=200%2C283&#038;ssl=1\" alt=\"kostenlose Anleitung f\u00fcr ein Regenbogen-Mirage-Dreieckstuch\" width=\"200\" height=\"283\" \/> \u00a0 <a href=\"https:\/\/handel-sm.de\/wolle\/wp-content\/uploads\/sites\/2\/2021\/03\/Regenbogen-Mirage-Einfaches-Tuch-Anleitung.pdf\">kostenlose Anleitung f\u00fcr ein Dreieckstuch<\/a><\/p>\n<ul>\n<li><strong>Zusammensetzung:<\/strong><br \/>\n50% Baumwolle, 46% Polyacryl<\/li>\n<li><strong>Saison:<\/strong><br \/>\nFr\u00fchjahr \/ Sommer<\/li>\n<li><strong>Verbrauch:<\/strong><br \/>\nTuch = ca. 200 g<\/li>\n<li><strong>Laufl\u00e4nge:<\/strong><br \/>\n200 g = ca. 800 m<\/li>\n<li><strong>Nadelst\u00e4rke :<\/strong><br \/>\n3,5-4,5<\/li>\n<li><strong>Maschenprobe:<\/strong><br \/>\n10 x 10 cm = 21 M | 27 R<\/li>\n<li><strong>Waschanleitung:<\/strong><\/li>\n<\/ul>\n<div class=\"detail--attributes\">\n<div class=\"product--properties\">\n<p>\u00a0\u00a0\u00a0\u00a0\u00a0\u00a0\u00a0\u00a0 <img data-recalc-dims=\"1\" decoding=\"async\" class=\"icon\" title=\"Waschen-30-Grad-Pflegeleicht\" src=\"https:\/\/i0.wp.com\/versand.rellana.de\/media\/image\/d8\/41\/62\/Waschen-30-Grad-Pflegeleicht.jpg?w=750&#038;ssl=1\" alt=\"Waschen-30-Grad-Pflegeleicht\" \/><img data-recalc-dims=\"1\" decoding=\"async\" class=\"icon\" title=\"Trockenreinigung\" src=\"https:\/\/i0.wp.com\/versand.rellana.de\/media\/image\/8e\/88\/0a\/Trockenreinigung.jpg?w=750&#038;ssl=1\" alt=\"Trockenreinigung\" \/><img data-recalc-dims=\"1\" decoding=\"async\" class=\"icon\" title=\"Nicht-Trockner\" src=\"https:\/\/i0.wp.com\/versand.rellana.de\/media\/image\/fc\/bf\/02\/Nicht-Trockner.jpg?w=750&#038;ssl=1\" alt=\"Nicht-Trockner\" \/><img data-recalc-dims=\"1\" decoding=\"async\" class=\"icon\" title=\"Maschine\" src=\"https:\/\/i0.wp.com\/versand.rellana.de\/media\/image\/3f\/93\/06\/Maschine.jpg?w=750&#038;ssl=1\" alt=\"Maschine\" \/><img data-recalc-dims=\"1\" decoding=\"async\" class=\"icon\" title=\"B\u00fcgeln-1\" src=\"https:\/\/i0.wp.com\/versand.rellana.de\/media\/image\/de\/18\/30\/Bugeln-1.jpg?w=750&#038;ssl=1\" alt=\"B\u00fcgeln-1\" \/><img data-recalc-dims=\"1\" decoding=\"async\" class=\"icon\" title=\"Bleichen-Nicht-bleichen\" src=\"https:\/\/i0.wp.com\/versand.rellana.de\/media\/image\/4d\/f8\/e9\/Bleichen-Nicht-bleichen.jpg?w=750&#038;ssl=1\" alt=\"Bleichen-Nicht-bleichen\" \/><\/p>\n<\/div>\n<\/div>\n","protected":false},"excerpt":{"rendered":"<p>F\u00fcr k\u00fchle Sommerabende oder Fr\u00fchlingsabende ist ein Tuch, Schal oder Stola aus dem <strong>Sommergarn &#8211; Regenbogen Mirage Scarlet ibis<\/strong> ideal. Die wundervollen T\u00fccher entstehen aus jeweils einem Bobbel Regenbogen Mirage. Wenn man sich an die Anleitung h\u00e4lt, entstehen gestrickte und geh\u00e4kelte T\u00fccher, Stolas und Schals wie von Geisterhand direkt aus dem Bobbel heraus. Ein Gro\u00dfkn\u00e4uel von 200 g als Bobbel geformt ist ausreichend f\u00fcr ein Tuch.<\/p>\n","protected":false},"featured_media":9199,"template":"","meta":[],"product_brand":[],"product_cat":[36,189],"product_tag":[],"class_list":{"0":"post-9218","1":"product","2":"type-product","3":"status-publish","4":"has-post-thumbnail","6":"product_cat-sommergarn","7":"product_cat-bobbelgarn","9":"first","10":"instock","11":"taxable","12":"shipping-taxable","13":"purchasable","14":"product-type-simple"},"_links":{"self":[{"href":"https:\/\/handel-sm.de\/wolle\/wp-json\/wp\/v2\/product\/9218","targetHints":{"allow":["GET"]}}],"collection":[{"href":"https:\/\/handel-sm.de\/wolle\/wp-json\/wp\/v2\/product"}],"about":[{"href":"https:\/\/handel-sm.de\/wolle\/wp-json\/wp\/v2\/types\/product"}],"wp:featuredmedia":[{"embeddable":true,"href":"https:\/\/handel-sm.de\/wolle\/wp-json\/wp\/v2\/media\/9199"}],"wp:attachment":[{"href":"https:\/\/handel-sm.de\/wolle\/wp-json\/wp\/v2\/media?parent=9218"}],"wp:term":[{"taxonomy":"product_brand","embeddable":true,"href":"https:\/\/handel-sm.de\/wolle\/wp-json\/wp\/v2\/product_brand?post=9218"},{"taxonomy":"product_cat","embeddable":true,"href":"https:\/\/handel-sm.de\/wolle\/wp-json\/wp\/v2\/product_cat?post=9218"},{"taxonomy":"product_tag","embeddable":true,"href":"https:\/\/handel-sm.de\/wolle\/wp-json\/wp\/v2\/product_tag?post=9218"}],"curies":[{"name":"wp","href":"https:\/\/api.w.org\/{rel}","templated":true}]}}