{"id":9007,"date":"2020-09-27T12:56:49","date_gmt":"2020-09-27T10:56:49","guid":{"rendered":"https:\/\/handel-sm.de\/wolle\/?post_type=product&#038;p=9007"},"modified":"2024-10-25T19:35:41","modified_gmt":"2024-10-25T17:35:41","slug":"caprice-color-pistazie-gruen-blau","status":"publish","type":"product","link":"https:\/\/handel-sm.de\/wolle\/caprice-color-pistazie-gruen-blau\/","title":{"rendered":"Caprice Color pistazie-gr\u00fcn-blau, 50g"},"content":{"rendered":"<p>Caprice Color in <strong>pistazie-gr\u00fcn-blau<\/strong> von Rellana ist ein sehr preiswertes Garn aus hochwertigem Polyacryl &#8211; weich, atmungsaktiv, formstabil und hautfreundlich.<\/p>\n<h4>Caprice color pistazie-gr\u00fcn-blau<\/h4>\n<p>Caprice Color von Rellana, ein Farbverlaufsgarn aus dem beim Stricken oder H\u00e4keln ein sch\u00f6nes Farbmuster entsteht. Die tollen Farbspiele machen jede Handarbeit zum Hingucker; ein pflegeleichtes Garn, das auch f\u00fcr Kinder und Handarbeits-Anf\u00e4nger gut zu verarbeiten ist.<\/p>\n<h4>Caprice color pistazie-gr\u00fcn-blau &#8211; ein farbwechselndes Garn<\/h4>\n<p>Das Sch\u00f6ne an Garnen mit Farbverl\u00e4ufen ist, dass man seinen Strick- oder H\u00e4kelhandarbeiten ein wenig Farbe, einen ganz einzigartigen und tollen Look verleihen kann. Ein Farbverlaufsgarn, das mit seinem sch\u00f6nen Farbwechsel auch als Schalgarn oder M\u00fctzengarn genutzt werden kann. Hier wird ein farbenfrohes Ergebnis erzielt, das dem Hobby Stricken oder H\u00e4keln Farbe gibt.<\/p>\n<h4>Strick- und H\u00e4kelarbeiten mit Farbwechsel\/-verlauf<\/h4>\n<p>Das Multitalent Caprice Color in <strong>pistazie-gr\u00fcn-blau<\/strong> ist sehr gut geeignet, um Babykleidung, Damen- und Herrenpullover, Strickjacken oder M\u00fctze und Schal aber auch Tagesdecken und jeglicher Art von Handarbeit wundersch\u00f6ne Farben und Muster zu verleihen.<\/p>\n<p>Das Farbverlaufsgarn Caprice Color in <strong>pistazie-gr\u00fcn-blau<\/strong> f\u00fchlt sich weich an, kratzt und fusselt nicht.<\/p>\n<ul>\n<li><strong>Zusammensetzung:<\/strong><br \/>\n100% Polyacryl<\/li>\n<li><strong>Saison:<\/strong><br \/>\nFr\u00fchjahr \/ Sommer, Herbst \/ Winter<\/li>\n<li><strong>Verbrauch:<\/strong><br \/>\nPullover Gr. 38 = ca. 450 g<\/li>\n<li><strong>Laufl\u00e4nge:<\/strong><br \/>\n50 g = ca. 137 m<\/li>\n<li><strong>Nadelst\u00e4rke :<\/strong><br \/>\n3,5-4<\/li>\n<li><strong>Maschenprobe:<\/strong><br \/>\n10 x 10 cm = 19 M | 26 R<\/li>\n<li><strong>Waschanleitung:<\/strong><\/li>\n<\/ul>\n<p>nicht b\u00fcgeln, Chemische Reinigung m\u00f6glich, Trockneranwendung nicht m\u00f6glich, 30\u00b0 Schonw\u00e4sche<\/p>\n","protected":false},"excerpt":{"rendered":"<p>Caprice Color in <strong>pistazie-gr\u00fcn-blau, <\/strong>ein Farbverlaufsgarn, um Babykleidung, Damen- und Herrenpullover, Strickjacken oder M\u00fctze und Schal aber auch Tagesdecken und jeglicher Art von Handarbeit wundersch\u00f6ne Farben und Muster zu verleihen, aber auch mit seinem sch\u00f6nen Farbwechsel als Schalgarn oder M\u00fctzengarn genutzt werden kann.<\/p>\n","protected":false},"featured_media":9000,"template":"","meta":[],"product_brand":[],"product_cat":[186,145,55],"product_tag":[],"class_list":{"0":"post-9007","1":"product","2":"type-product","3":"status-publish","4":"has-post-thumbnail","6":"product_cat-caprice-color-farbverlaufsgarn","7":"product_cat-babywolle-babygarn","8":"product_cat-schalgarn-muetzengarn","10":"first","11":"instock","12":"taxable","13":"shipping-taxable","14":"purchasable","15":"product-type-simple"},"_links":{"self":[{"href":"https:\/\/handel-sm.de\/wolle\/wp-json\/wp\/v2\/product\/9007","targetHints":{"allow":["GET"]}}],"collection":[{"href":"https:\/\/handel-sm.de\/wolle\/wp-json\/wp\/v2\/product"}],"about":[{"href":"https:\/\/handel-sm.de\/wolle\/wp-json\/wp\/v2\/types\/product"}],"wp:featuredmedia":[{"embeddable":true,"href":"https:\/\/handel-sm.de\/wolle\/wp-json\/wp\/v2\/media\/9000"}],"wp:attachment":[{"href":"https:\/\/handel-sm.de\/wolle\/wp-json\/wp\/v2\/media?parent=9007"}],"wp:term":[{"taxonomy":"product_brand","embeddable":true,"href":"https:\/\/handel-sm.de\/wolle\/wp-json\/wp\/v2\/product_brand?post=9007"},{"taxonomy":"product_cat","embeddable":true,"href":"https:\/\/handel-sm.de\/wolle\/wp-json\/wp\/v2\/product_cat?post=9007"},{"taxonomy":"product_tag","embeddable":true,"href":"https:\/\/handel-sm.de\/wolle\/wp-json\/wp\/v2\/product_tag?post=9007"}],"curies":[{"name":"wp","href":"https:\/\/api.w.org\/{rel}","templated":true}]}}