{"id":90,"date":"2018-01-01T19:41:14","date_gmt":"2018-01-01T18:41:14","guid":{"rendered":"http:\/\/handel-sm.de\/wolle\/produkt\/import-placeholder-for-231\/"},"modified":"2024-10-10T19:38:46","modified_gmt":"2024-10-10T17:38:46","slug":"caprice-big-200g-grossknaeuel-jade","status":"publish","type":"product","link":"https:\/\/handel-sm.de\/wolle\/caprice-big-200g-grossknaeuel-jade\/","title":{"rendered":"Caprice Big jade (gr\u00fcn) &#8211; 200g Grosskn\u00e4uel"},"content":{"rendered":"<p>Leichtes, weiches und volumin\u00f6ses Schnellstrickgarn in Jade (Gr\u00fcn).<\/p>\n<h4>Caprice Big jade (gr\u00fcn) &#8211; 200g Grosskn\u00e4uel<\/h4>\n<p>Das ideale <strong>M\u00fctzengarn<\/strong> und <strong>Schalgarn<\/strong> f\u00fcr das schnelle Stricken von w\u00e4rmenden M\u00fctzen und Loop-Schals. Ein <strong>200g-Gro\u00dfkn\u00e4uel<\/strong> ist ausreichend f\u00fcr ein Loop-Schal oder eine M\u00fctze.<\/p>\n<p>Die Anleitung zum Stricken des Loop-Schals und der M\u00fctze befindet sich auf jeder Banderole.<\/p>\n<p><strong>Farbe:<\/strong> jade (gr\u00fcn)<br \/>\n<strong>Zusammensetzung:<\/strong> 100% Polyacryl<br \/>\n<strong>Laufl\u00e4nge:<\/strong> 200 g = ca. 120 m<br \/>\n<strong>Nadelst\u00e4rke:<\/strong> 10<br \/>\n<strong>Maschenprobe:<\/strong> 10 x 10 cm = 8 M \/ 12 R<br \/>\n<strong>Materialverbrauch:<\/strong> 1 Loopschal oder M\u00fctze = ca. 200 g<\/p>\n","protected":false},"excerpt":{"rendered":"<p>Zum Stricken von <strong>Schals, M\u00fctzen und dicken Pullovern<\/strong> ist dieses leichte, weiche und volumin\u00f6se Schnellstrickgarn in <strong> jade<\/strong> (gr\u00fcn) hervorragend geeignet.<\/p>\n<p>Ein <strong>200g-Gro\u00dfkn\u00e4uel<\/strong> ist ausreichend f\u00fcr ein Loop-Schal oder eine M\u00fctze. Die Strickanleitung f\u00fcr das Loop-Schals und die M\u00fctze befindet sich auf jeder Banderole.<\/p>\n","protected":false},"featured_media":23,"template":"","meta":[],"product_brand":[],"product_cat":[55],"product_tag":[182,173,172,171,181],"class_list":{"0":"post-90","1":"product","2":"type-product","3":"status-publish","4":"has-post-thumbnail","6":"product_cat-schalgarn-muetzengarn","7":"product_tag-caprice-big-jade-gruen","8":"product_tag-grossknaeuel","9":"product_tag-muetzengarn","10":"product_tag-schalgarn","11":"product_tag-schnellstrickgarn","13":"first","14":"instock","15":"taxable","16":"shipping-taxable","17":"purchasable","18":"product-type-simple"},"_links":{"self":[{"href":"https:\/\/handel-sm.de\/wolle\/wp-json\/wp\/v2\/product\/90","targetHints":{"allow":["GET"]}}],"collection":[{"href":"https:\/\/handel-sm.de\/wolle\/wp-json\/wp\/v2\/product"}],"about":[{"href":"https:\/\/handel-sm.de\/wolle\/wp-json\/wp\/v2\/types\/product"}],"wp:featuredmedia":[{"embeddable":true,"href":"https:\/\/handel-sm.de\/wolle\/wp-json\/wp\/v2\/media\/23"}],"wp:attachment":[{"href":"https:\/\/handel-sm.de\/wolle\/wp-json\/wp\/v2\/media?parent=90"}],"wp:term":[{"taxonomy":"product_brand","embeddable":true,"href":"https:\/\/handel-sm.de\/wolle\/wp-json\/wp\/v2\/product_brand?post=90"},{"taxonomy":"product_cat","embeddable":true,"href":"https:\/\/handel-sm.de\/wolle\/wp-json\/wp\/v2\/product_cat?post=90"},{"taxonomy":"product_tag","embeddable":true,"href":"https:\/\/handel-sm.de\/wolle\/wp-json\/wp\/v2\/product_tag?post=90"}],"curies":[{"name":"wp","href":"https:\/\/api.w.org\/{rel}","templated":true}]}}