{"id":8875,"date":"2020-04-13T12:28:06","date_gmt":"2020-04-13T10:28:06","guid":{"rendered":"https:\/\/handel-sm.de\/wolle\/?post_type=product&#038;p=8875"},"modified":"2024-10-10T19:09:53","modified_gmt":"2024-10-10T17:09:53","slug":"big-mamma-print-grau-schwarz-multicolor","status":"publish","type":"product","link":"https:\/\/handel-sm.de\/wolle\/big-mamma-print-grau-schwarz-multicolor\/","title":{"rendered":"Big Mamma Print grau-schwarz multicolor"},"content":{"rendered":"<p>Ein w\u00e4rmendes und weiches Garn in <strong>grau-schwarz multicolor<\/strong> mit einem wollartigen Charakter, das nicht auf der Haut kratzt<br \/>\nDas schnell trocknende Schalgarn und M\u00fctzengarn ist pflegeleicht und formbest\u00e4ndig, es lst problemlos waschbar bei 30 \u00b0C im Schonwaschgang.<\/p>\n<p><strong>Gro\u00dfkn\u00e4uel von 400 g<\/strong><\/p>\n<p>Ein Universalgarn als g\u00fcnstiges Gro\u00dfkn\u00e4uel f\u00fcr die ganze Familie in klaren und brillanten Farben. Zum Stricken und H\u00e4keln von Pullovern, Jacken, Westen und Handschuhen f\u00fcr Erwachsene und Kinder geeignet.<\/p>\n<p><strong>Schal- und M\u00fctzengarn<\/strong><\/p>\n<p>Ein Gro\u00dfkn\u00e4uel ist ausreichend f\u00fcr das Stricken eines Schals und einer M\u00fctze (Beanie). Die Anleitung dazu finden Sie hier zum kostenlosen Download: zur Zeit Versand als PDF-Emailanhang.<\/p>\n<p><strong>Weitere Strickideen<\/strong><\/p>\n<p>sind Homedekos wie Kissen, Nackenrolle, Decken. Auch im Bastelbereich f\u00fcr Strickanf\u00e4nger in der Schule geeignet.<\/p>\n<ul>\n<li><strong>Zusammensetzung: <\/strong>100 % Polyacryl<\/li>\n<li><strong>Verbrauch: <\/strong>ca. 100 g f\u00fcr eine M\u00fctze mit Bommel<br \/>\nca. 550 g f\u00fcr einen Pullover in Gr\u00f6\u00dfe 38<\/li>\n<li><strong>Laufl\u00e4nge: <\/strong>400 g \/ 1040 m<\/li>\n<li><strong>Nadelst\u00e4rke : <\/strong>3,5 &#8211; 4,5<\/li>\n<li><strong>Maschenprobe: <\/strong>10 cm x 10 cm = 20 M x 27 R<\/li>\n<li><strong>Waschanleitung: <\/strong>\n<ul>\n<li>im Schonwaschgang bei 30 Grad mit einem fl\u00fcssigen Fein- oder Wollwaschmittel<\/li>\n<li>Schleudern mit niedriger Umdrehungszahl<\/li>\n<li>Nicht im Trockner oder im direkten Sonnenlicht trocknen sondern liegend auf einem Handtuch trocknen und dabei in die richtige Form ziehen<\/li>\n<li>Nicht B\u00fcgeln<\/li>\n<li>Keine Chlorbleiche aber Professionelle Chemischreinigung m\u00f6glich<\/li>\n<\/ul>\n<\/li>\n<\/ul>\n","protected":false},"excerpt":{"rendered":"<p><strong>Big Mamma Print grau-schwarz multicolor<\/strong> als vorteilhaftes g\u00fcnstiges Gro\u00dfkn\u00e4uel &#8211; 400g. Ausreichend f\u00fcr ein Schal mit M\u00fctze (Beanie). Pflegeleichtes und formstabiles Schalgarn und M\u00fctzengarn.<\/p>\n","protected":false},"featured_media":8870,"template":"","meta":[],"product_brand":[],"product_cat":[55,159],"product_tag":[175,173,174,172,171],"class_list":{"0":"post-8875","1":"product","2":"type-product","3":"status-publish","4":"has-post-thumbnail","6":"product_cat-schalgarn-muetzengarn","7":"product_cat-aktion","8":"product_tag-big-mamma-print-grau-schwarz-multicolor-online-kaufen","9":"product_tag-grossknaeuel","10":"product_tag-guenstiges-grossknaeuel","11":"product_tag-muetzengarn","12":"product_tag-schalgarn","14":"first","15":"instock","16":"sale","17":"taxable","18":"shipping-taxable","19":"purchasable","20":"product-type-simple"},"_links":{"self":[{"href":"https:\/\/handel-sm.de\/wolle\/wp-json\/wp\/v2\/product\/8875","targetHints":{"allow":["GET"]}}],"collection":[{"href":"https:\/\/handel-sm.de\/wolle\/wp-json\/wp\/v2\/product"}],"about":[{"href":"https:\/\/handel-sm.de\/wolle\/wp-json\/wp\/v2\/types\/product"}],"wp:featuredmedia":[{"embeddable":true,"href":"https:\/\/handel-sm.de\/wolle\/wp-json\/wp\/v2\/media\/8870"}],"wp:attachment":[{"href":"https:\/\/handel-sm.de\/wolle\/wp-json\/wp\/v2\/media?parent=8875"}],"wp:term":[{"taxonomy":"product_brand","embeddable":true,"href":"https:\/\/handel-sm.de\/wolle\/wp-json\/wp\/v2\/product_brand?post=8875"},{"taxonomy":"product_cat","embeddable":true,"href":"https:\/\/handel-sm.de\/wolle\/wp-json\/wp\/v2\/product_cat?post=8875"},{"taxonomy":"product_tag","embeddable":true,"href":"https:\/\/handel-sm.de\/wolle\/wp-json\/wp\/v2\/product_tag?post=8875"}],"curies":[{"name":"wp","href":"https:\/\/api.w.org\/{rel}","templated":true}]}}