{"id":8853,"date":"2020-04-07T12:50:29","date_gmt":"2020-04-07T10:50:29","guid":{"rendered":"https:\/\/handel-sm.de\/wolle\/?post_type=product&#038;p=8853"},"modified":"2024-10-25T19:35:41","modified_gmt":"2024-10-25T17:35:41","slug":"pronto-ocker","status":"publish","type":"product","link":"https:\/\/handel-sm.de\/wolle\/pronto-ocker\/","title":{"rendered":"Pronto Ocker &#8211; 100g"},"content":{"rendered":"<p>Leichtes, weiches und volumin\u00f6ses Schnellstrickgarn.<\/p>\n<p><strong>Pronto Ocker<\/strong> &gt; Das ideale Schalgarn und M\u00fctzengarn zum schnellen Stricken und H\u00e4keln von M\u00fctzen und Schals aber auch f\u00fcr kuschlige Pullis geeignet.<\/p>\n<ul>\n<li><strong>Zusammensetzung:<\/strong><br \/>\n80% Polyacryl (Dralon), 20% Schurwolle<\/li>\n<li><strong>Saison:<\/strong><br \/>\nHerbst \/ Winter<\/li>\n<li><strong>Verbrauch:<\/strong><br \/>\nPullover Gr. 38 = ca. 600 g<\/li>\n<li><strong>Laufl\u00e4nge:<\/strong><br \/>\n100 g = ca. 100 m<\/li>\n<li><strong>Nadelst\u00e4rke :<\/strong><br \/>\n8-9<\/li>\n<li><strong>Maschenprobe:<\/strong><br \/>\n10 x 10 cm = 10 M , 10 x 10 cm = 10 M | 14 R<\/li>\n<li><strong>Waschanleitung:<\/strong><br \/>\n<img data-recalc-dims=\"1\" decoding=\"async\" class=\"icon\" title=\"Waschen-40-Grad-Pflegeleicht\" src=\"https:\/\/i0.wp.com\/handel.rellana.de\/media\/image\/db\/8c\/f9\/Waschen-40-Grad-Pflegeleicht.jpg?w=750&#038;ssl=1\" alt=\"Waschen-40-Grad-Pflegeleicht\" \/><img data-recalc-dims=\"1\" decoding=\"async\" class=\"icon\" title=\"Trockenreinigung\" src=\"https:\/\/i0.wp.com\/handel.rellana.de\/media\/image\/8e\/88\/0a\/Trockenreinigung.jpg?w=750&#038;ssl=1\" alt=\"Trockenreinigung\" \/><img data-recalc-dims=\"1\" decoding=\"async\" class=\"icon\" title=\"Nicht-Trockner\" src=\"https:\/\/i0.wp.com\/versand.rellana.de\/media\/image\/fc\/bf\/02\/Nicht-Trockner.jpg?w=750&#038;ssl=1\" alt=\"Nicht-Trockner\" \/><img data-recalc-dims=\"1\" decoding=\"async\" class=\"icon\" title=\"Maschine\" src=\"https:\/\/i0.wp.com\/versand.rellana.de\/media\/image\/3f\/93\/06\/Maschine.jpg?w=750&#038;ssl=1\" alt=\"Maschine\" \/><img data-recalc-dims=\"1\" decoding=\"async\" class=\"icon\" title=\"B\u00fcgeln-1\" src=\"https:\/\/i0.wp.com\/versand.rellana.de\/media\/image\/de\/18\/30\/Bugeln-1.jpg?w=750&#038;ssl=1\" alt=\"B\u00fcgeln-1\" \/><img data-recalc-dims=\"1\" decoding=\"async\" class=\"icon\" title=\"Bleichen-Nicht-bleichen\" src=\"https:\/\/i0.wp.com\/versand.rellana.de\/media\/image\/4d\/f8\/e9\/Bleichen-Nicht-bleichen.jpg?w=750&#038;ssl=1\" alt=\"Bleichen-Nicht-bleichen\" \/><\/li>\n<\/ul>\n","protected":false},"excerpt":{"rendered":"<p>Leichtes, weiches und volumin\u00f6ses Schnellstrickgarn f\u00fcr den Winter von Rellana.<\/p>\n<p>Pronto ocker, 100g, das ideale Schalgarn und M\u00fctzengarn<\/p>\n","protected":false},"featured_media":8859,"template":"","meta":[],"product_brand":[],"product_cat":[55],"product_tag":[],"class_list":{"0":"post-8853","1":"product","2":"type-product","3":"status-publish","4":"has-post-thumbnail","6":"product_cat-schalgarn-muetzengarn","8":"first","9":"instock","10":"taxable","11":"shipping-taxable","12":"purchasable","13":"product-type-simple"},"_links":{"self":[{"href":"https:\/\/handel-sm.de\/wolle\/wp-json\/wp\/v2\/product\/8853","targetHints":{"allow":["GET"]}}],"collection":[{"href":"https:\/\/handel-sm.de\/wolle\/wp-json\/wp\/v2\/product"}],"about":[{"href":"https:\/\/handel-sm.de\/wolle\/wp-json\/wp\/v2\/types\/product"}],"wp:featuredmedia":[{"embeddable":true,"href":"https:\/\/handel-sm.de\/wolle\/wp-json\/wp\/v2\/media\/8859"}],"wp:attachment":[{"href":"https:\/\/handel-sm.de\/wolle\/wp-json\/wp\/v2\/media?parent=8853"}],"wp:term":[{"taxonomy":"product_brand","embeddable":true,"href":"https:\/\/handel-sm.de\/wolle\/wp-json\/wp\/v2\/product_brand?post=8853"},{"taxonomy":"product_cat","embeddable":true,"href":"https:\/\/handel-sm.de\/wolle\/wp-json\/wp\/v2\/product_cat?post=8853"},{"taxonomy":"product_tag","embeddable":true,"href":"https:\/\/handel-sm.de\/wolle\/wp-json\/wp\/v2\/product_tag?post=8853"}],"curies":[{"name":"wp","href":"https:\/\/api.w.org\/{rel}","templated":true}]}}