{"id":667,"date":"2018-05-15T08:11:22","date_gmt":"2018-05-15T06:11:22","guid":{"rendered":"https:\/\/handel-sm.de\/wolle\/?post_type=product&#038;p=667"},"modified":"2024-10-25T19:35:41","modified_gmt":"2024-10-25T17:35:41","slug":"mikro-mint","status":"publish","type":"product","link":"https:\/\/handel-sm.de\/wolle\/mikro-mint\/","title":{"rendered":"Mikro &#8211; mint"},"content":{"rendered":"<p><strong>F\u00fcr k\u00fchle Sommerabende<\/strong>! Ein seidig gl\u00e4nzendes Mikrofasergarn in Mint, angenehm k\u00fchl und seidenweich auf der Haut. Es ist formstabil, strapazierf\u00e4hig, pflegeleicht und dabei einfach und leicht zu stricken.<\/p>\n<p><strong>Farbe:<\/strong> mint<br \/>\n<strong>Zusammensetzung:<\/strong> 100% Polyacryl (Microfaser)<br \/>\n<strong>Laufl\u00e4nge:<\/strong> 50 g = ca. 152 m<br \/>\n<strong>Nadelst\u00e4rke:<\/strong> 2,5-3,5<br \/>\n<strong>Maschenprobe:<\/strong> 10 x 10 cm = 24M\/32R<br \/>\n<strong>Materialverbrauch:<\/strong> 1 Pullover Gr. 40 = ca. 450 g<\/p>\n","protected":false},"excerpt":{"rendered":"<p><strong>F\u00fcr k\u00fchle Sommerabende<\/strong>! Ein seidig gl\u00e4nzendes Mikrofasergarn in Mint, angenehm k\u00fchl und seidenweich auf der Haut. Es ist formstabil, strapazierf\u00e4hig, pflegeleicht und dabei einfach und leicht zu stricken.<\/p>\n","protected":false},"featured_media":681,"template":"","meta":[],"product_brand":[],"product_cat":[36],"product_tag":[150,49],"class_list":{"0":"post-667","1":"product","2":"type-product","3":"status-publish","4":"has-post-thumbnail","6":"product_cat-sommergarn","7":"product_tag-mikro-mint-online-kaufen","8":"product_tag-sommergarn","10":"first","11":"instock","12":"taxable","13":"shipping-taxable","14":"purchasable","15":"product-type-simple"},"_links":{"self":[{"href":"https:\/\/handel-sm.de\/wolle\/wp-json\/wp\/v2\/product\/667","targetHints":{"allow":["GET"]}}],"collection":[{"href":"https:\/\/handel-sm.de\/wolle\/wp-json\/wp\/v2\/product"}],"about":[{"href":"https:\/\/handel-sm.de\/wolle\/wp-json\/wp\/v2\/types\/product"}],"wp:featuredmedia":[{"embeddable":true,"href":"https:\/\/handel-sm.de\/wolle\/wp-json\/wp\/v2\/media\/681"}],"wp:attachment":[{"href":"https:\/\/handel-sm.de\/wolle\/wp-json\/wp\/v2\/media?parent=667"}],"wp:term":[{"taxonomy":"product_brand","embeddable":true,"href":"https:\/\/handel-sm.de\/wolle\/wp-json\/wp\/v2\/product_brand?post=667"},{"taxonomy":"product_cat","embeddable":true,"href":"https:\/\/handel-sm.de\/wolle\/wp-json\/wp\/v2\/product_cat?post=667"},{"taxonomy":"product_tag","embeddable":true,"href":"https:\/\/handel-sm.de\/wolle\/wp-json\/wp\/v2\/product_tag?post=667"}],"curies":[{"name":"wp","href":"https:\/\/api.w.org\/{rel}","templated":true}]}}