{"id":10780,"date":"2024-10-29T20:46:14","date_gmt":"2024-10-29T19:46:14","guid":{"rendered":"https:\/\/handel-sm.de\/wolle\/?post_type=product&#038;p=10780"},"modified":"2024-12-20T16:45:25","modified_gmt":"2024-12-20T15:45:25","slug":"shiva-gelb-blau-petrol-200g-rellana","status":"publish","type":"product","link":"https:\/\/handel-sm.de\/wolle\/shiva-gelb-blau-petrol-200g-rellana\/","title":{"rendered":"Shiva gelb-blau-petrol 200g &#8211; Rellana"},"content":{"rendered":"<header class=\"product--header\">\n<div class=\"product--details\">\n<h2 class=\"product--title\">Farbverlaufsgarn Shiva gelb-blau-petrol von Rellana<\/h2>\n<\/div>\n<\/header>\n<div class=\"product--descriptions\">\n<div class=\"product--description--long\">\n<p>Shiva gelb-blau-petrol ist ein Garn, das mit seinem Degrad\u00e9-Farbverlauf deine Projekte zu Schmuckst\u00fccken macht!<\/p>\n<p>Jedes Kn\u00e4uel dieses wundersch\u00f6nen Farbverlaufsgarn ist ein echtes Kunstwerk. Die Kombination aus sanften Degrad\u00e9-Farbverl\u00e4ufen und einem faszinierenden gelb-blau-petrolen Streifenmuster verleiht deinen Strick- und H\u00e4kelprojekten eine einzigartige Optik, die alle Blicke auf sich zieht.<\/p>\n<h3>200 g Gro\u00dfkn\u00e4uel &#8211; produziert in Italien<\/h3>\n<p>Was <strong>Shiva gelb-blau-petrol<\/strong> besonders macht? Es ist nicht nur sch\u00f6n anzusehen, sondern auch gut f\u00fcr die Umwelt und die Tiere. Das Garn ist <strong>mulesingfrei\u00a0<\/strong>und OEKOTEX \u00ae zertifiziert, damit kannst du mit gutem Gewissen stricken und h\u00e4keln. Wir legen gro\u00dfen Wert auf Qualit\u00e4t und Nachhaltigkeit, deshalb wird Shiva mit Liebe und Sorgfalt in Italien hergestellt.<\/p>\n<p>Mit einer vielf\u00e4ltigen Palette von 12 Farbkombinationen bietet <strong>Shiva gelb-blau-petrol<\/strong> viele M\u00f6glichkeiten f\u00fcr deine kreativen Projekte. Egal ob du eine Decke, Pullover, Jacke, Schal, M\u00fctze oder andere Accessoires herstellen m\u00f6chtest, dieses Garn wird deine Ideen zum Leben erwecken.<\/p>\n<p>Also, lass deiner Fantasie freien Lauf und tauche ein in die Welt von Shiva! <strong>12 Farbkombinationen<\/strong> lassen viele lang geplante Handarbeitsprojekte wahr werden.<\/p>\n<p><strong>Zw\u00f6lf Farbkombinationen findest Du hier<\/strong>:<\/p>\n<\/div>\n<p><a href=\"https:\/\/handel-sm.de\/wolle\/shiva-200g-farbverlaufsgarn\/\">https:\/\/handel-sm.de\/wolle\/shiva-200g-farbverlaufsgarn\/<\/a><\/p>\n<div class=\"product--description--long\">\n<p><img data-recalc-dims=\"1\" loading=\"lazy\" decoding=\"async\" id=\"tinymce-editor-image-b03c3220-2c30-4889-ad13-bfdf1f90846f\" class=\"tinymce-editor-image tinymce-editor-image-b03c3220-2c30-4889-ad13-bfdf1f90846f\" src=\"https:\/\/i0.wp.com\/handel.rellana.de\/media\/image\/f0\/06\/04\/Symbole_nonmule.png?resize=60%2C60&#038;ssl=1\" alt=\"Symbole_nonmule\" width=\"60\" height=\"60\" data-src=\"media\/image\/Symbole_nonmule.png\" \/>\u00a0 \u00a0<img data-recalc-dims=\"1\" loading=\"lazy\" decoding=\"async\" id=\"tinymce-editor-image-889869f3-ae17-4ff2-9bf5-ceabbfa6c6d9\" class=\"tinymce-editor-image tinymce-editor-image-889869f3-ae17-4ff2-9bf5-ceabbfa6c6d9\" src=\"https:\/\/i0.wp.com\/handel.rellana.de\/media\/image\/14\/e9\/8b\/Made_in_Italy_20230tGl2YwTgDNI6.png?resize=59%2C59&#038;ssl=1\" alt=\"Made_in_Italy_20230tGl2YwTgDNI6\" width=\"59\" height=\"59\" data-src=\"media\/image\/Made_in_Italy_20230tGl2YwTgDNI6.png\" \/>\u00a0<img data-recalc-dims=\"1\" loading=\"lazy\" decoding=\"async\" id=\"tinymce-editor-image-eb650fe4-15ec-4f4a-8c22-b0ac70f1f57e\" class=\"tinymce-editor-image tinymce-editor-image-eb650fe4-15ec-4f4a-8c22-b0ac70f1f57e\" src=\"https:\/\/i0.wp.com\/handel.rellana.de\/media\/image\/a9\/ec\/2b\/Verlene.png?resize=95%2C57&#038;ssl=1\" alt=\"Ausdehnen\" width=\"95\" height=\"57\" data-src=\"media\/image\/Verlene.png\" \/><\/p>\n<\/div>\n<\/div>\n<div class=\"detail--attributes\">\n<div class=\"product--properties\">\n<ul>\n<li style=\"list-style-type: none;\">\n<ul>\n<li data-property=\"Zusammensetzung\"><strong>Zusammensetzung:<\/strong><br \/>\n60 % Schurwolle, 40 % Polyacryl<\/li>\n<li><strong>Farbe:<\/strong><br \/>\ngelb-blau-petrol<\/li>\n<li data-property=\"Saison\"><strong>Saison:<\/strong><br \/>\nHerbst \/ Winter<\/li>\n<li data-property=\"Verbrauch\"><strong>Verbrauch:<\/strong><br \/>\nPullover Gr. 38 = ca. 400 g<\/li>\n<li data-property=\"Laufl\u00e4nge\"><strong>Gewicht \/ Laufl\u00e4nge:<\/strong><br \/>\n200 g = ca. 700 m<\/li>\n<li data-property=\"Nadelst\u00e4rke \"><strong>Nadelst\u00e4rke :<\/strong><br \/>\n4,5 &#8211; 5<\/li>\n<li data-property=\"Maschenprobe\"><strong>Maschenprobe:<\/strong><br \/>\n10 x 10 cm = 19 M | 24 R<\/li>\n<li><strong>Made in\/Hergestellt in:<\/strong><br \/>\nItalien\/Italy<\/li>\n<li data-property=\"Waschanleitung\"><strong>Waschanleitung:<\/strong><br \/>\n<img data-recalc-dims=\"1\" decoding=\"async\" class=\"icon\" title=\"Waschen-30-Grad-Feinw\u00e4sche\" src=\"https:\/\/i0.wp.com\/handel.rellana.de\/media\/image\/b8\/73\/40\/Waschen-30-Grad-Feinwasche.jpg?w=750&#038;ssl=1\" alt=\"Waschen-30-Grad-Feinw\u00e4sche\" \/><img data-recalc-dims=\"1\" decoding=\"async\" class=\"icon\" title=\"Trockenreinigung\" src=\"https:\/\/i0.wp.com\/handel.rellana.de\/media\/image\/8e\/88\/0a\/Trockenreinigung.jpg?w=750&#038;ssl=1\" alt=\"Trockenreinigung\" \/><img data-recalc-dims=\"1\" decoding=\"async\" class=\"icon\" title=\"Nicht-Trockner\" src=\"https:\/\/i0.wp.com\/handel.rellana.de\/media\/image\/fc\/bf\/02\/Nicht-Trockner.jpg?w=750&#038;ssl=1\" alt=\"Nicht-Trockner\" \/><img data-recalc-dims=\"1\" decoding=\"async\" class=\"icon\" title=\"Maschine\" src=\"https:\/\/i0.wp.com\/handel.rellana.de\/media\/image\/3f\/93\/06\/Maschine.jpg?w=750&#038;ssl=1\" alt=\"Maschine\" \/><img data-recalc-dims=\"1\" decoding=\"async\" class=\"icon\" title=\"B\u00fcgeln-1\" src=\"https:\/\/i0.wp.com\/handel.rellana.de\/media\/image\/de\/18\/30\/Bugeln-1.jpg?w=750&#038;ssl=1\" alt=\"B\u00fcgeln-1\" \/><img data-recalc-dims=\"1\" decoding=\"async\" class=\"icon\" title=\"Bleichen-Nicht-bleichen\" src=\"https:\/\/i0.wp.com\/handel.rellana.de\/media\/image\/4d\/f8\/e9\/Bleichen-Nicht-bleichen.jpg?w=750&#038;ssl=1\" alt=\"Bleichen-Nicht-bleichen\" \/><\/li>\n<li><strong>Strickanleitungen:<\/strong><\/li>\n<li><a href=\"https:\/\/handel-sm.de\/wolle\/wp-content\/uploads\/sites\/2\/2024\/10\/677-Shiva-Pullover-topdown-gehaekelt.pdf\" target=\"_blank\" rel=\"noopener\">https:\/\/handel-sm.de\/wolle\/wp-content\/uploads\/sites\/2\/2024\/10\/677-Shiva-Pullover-topdown-gehaekelt.pdf<\/a><\/li>\n<li><a href=\"https:\/\/handel-sm.de\/wolle\/wp-content\/uploads\/sites\/2\/2024\/10\/667-Shiva-Pullover-mit-Hebemaschen.pdf\" target=\"_blank\" rel=\"noopener\">https:\/\/handel-sm.de\/wolle\/wp-content\/uploads\/sites\/2\/2024\/10\/667-Shiva-Pullover-mit-Hebemaschen.pdf<\/a><\/li>\n<li><a href=\"https:\/\/handel-sm.de\/wolle\/wp-content\/uploads\/sites\/2\/2024\/10\/570-Shiva-Pullover.pdf\" target=\"_blank\" rel=\"noopener\">https:\/\/handel-sm.de\/wolle\/wp-content\/uploads\/sites\/2\/2024\/10\/570-Shiva-Pullover.pdf<\/a><\/li>\n<li><a href=\"https:\/\/handel-sm.de\/wolle\/wp-content\/uploads\/sites\/2\/2024\/10\/569-Shiva-Schal.pdf\" target=\"_blank\" rel=\"noopener\">https:\/\/handel-sm.de\/wolle\/wp-content\/uploads\/sites\/2\/2024\/10\/569-Shiva-Schal.pdf<\/a><\/li>\n<li><a href=\"https:\/\/handel-sm.de\/wolle\/wp-content\/uploads\/sites\/2\/2024\/10\/568-Shiva-Jacke.pdf\" target=\"_blank\" rel=\"noopener\">https:\/\/handel-sm.de\/wolle\/wp-content\/uploads\/sites\/2\/2024\/10\/568-Shiva-Jacke.pdf<\/a><\/li>\n<li><a href=\"https:\/\/handel-sm.de\/wolle\/wp-content\/uploads\/sites\/2\/2024\/10\/550-Shiva-Pullover.pdf\" target=\"_blank\" rel=\"noopener\">https:\/\/handel-sm.de\/wolle\/wp-content\/uploads\/sites\/2\/2024\/10\/550-Shiva-Pullover.pdf<\/a><\/li>\n<li><a href=\"https:\/\/handel-sm.de\/wolle\/wp-content\/uploads\/sites\/2\/2024\/10\/549-Shiva-Chasuble.pdf\" target=\"_blank\" rel=\"noopener\">https:\/\/handel-sm.de\/wolle\/wp-content\/uploads\/sites\/2\/2024\/10\/549-Shiva-Chasuble.pdf<\/a><\/li>\n<li><a href=\"https:\/\/handel-sm.de\/wolle\/wp-content\/uploads\/sites\/2\/2024\/10\/487-Shiva-Patch-Schal.pdf\" target=\"_blank\" rel=\"noopener\">https:\/\/handel-sm.de\/wolle\/wp-content\/uploads\/sites\/2\/2024\/10\/487-Shiva-Patch-Schal.pdf<\/a><\/li>\n<li><a href=\"https:\/\/handel-sm.de\/wolle\/wp-content\/uploads\/sites\/2\/2024\/10\/476-Shiva-Cardigan-quergestrickt.pdf\" target=\"_blank\" rel=\"noopener\">https:\/\/handel-sm.de\/wolle\/wp-content\/uploads\/sites\/2\/2024\/10\/476-Shiva-Cardigan-quergestrickt.pdf<\/a><\/li>\n<li><a href=\"https:\/\/handel-sm.de\/wolle\/wp-content\/uploads\/sites\/2\/2024\/10\/443-Shiva-Schal.pdf\" target=\"_blank\" rel=\"noopener\">https:\/\/handel-sm.de\/wolle\/wp-content\/uploads\/sites\/2\/2024\/10\/443-Shiva-Schal.pdf<\/a><\/li>\n<\/ul>\n<\/li>\n<\/ul>\n<\/div>\n<\/div>\n","protected":false},"excerpt":{"rendered":"<header class=\"product--header\">\n<div class=\"product--details\">\n<h2 class=\"product--title\">Farbverlaufsgarn Shiva gelb-blau-petrol von Rellana<\/h2>\n<\/div>\n<\/header>\n<div class=\"product--descriptions\">\n<div class=\"product--description--long\">\n<p>Shiva gelb-blau-petrol ist ein Garn, das mit seinem Degrad\u00e9-Farbverlauf deine Projekte zu Schmuckst\u00fccken macht!<\/p>\n<p>Jedes Kn\u00e4uel dieses wundersch\u00f6nen Farbverlaufsgarn ist ein echtes Kunstwerk. Die Kombination aus sanften Degrad\u00e9-Farbverl\u00e4ufen und einem faszinierenden Streifenmuster verleiht deinen Strick- und H\u00e4kelprojekten eine einzigartige Optik, die alle Blicke auf sich zieht.<\/p>\n<\/div>\n<\/div>\n","protected":false},"featured_media":10628,"template":"","meta":[],"product_brand":[],"product_cat":[226],"product_tag":[],"class_list":{"0":"post-10780","1":"product","2":"type-product","3":"status-publish","4":"has-post-thumbnail","6":"product_cat-shiva-200g-farbverlaufsgarn","8":"first","9":"instock","10":"taxable","11":"shipping-taxable","12":"purchasable","13":"product-type-simple"},"_links":{"self":[{"href":"https:\/\/handel-sm.de\/wolle\/wp-json\/wp\/v2\/product\/10780","targetHints":{"allow":["GET"]}}],"collection":[{"href":"https:\/\/handel-sm.de\/wolle\/wp-json\/wp\/v2\/product"}],"about":[{"href":"https:\/\/handel-sm.de\/wolle\/wp-json\/wp\/v2\/types\/product"}],"wp:featuredmedia":[{"embeddable":true,"href":"https:\/\/handel-sm.de\/wolle\/wp-json\/wp\/v2\/media\/10628"}],"wp:attachment":[{"href":"https:\/\/handel-sm.de\/wolle\/wp-json\/wp\/v2\/media?parent=10780"}],"wp:term":[{"taxonomy":"product_brand","embeddable":true,"href":"https:\/\/handel-sm.de\/wolle\/wp-json\/wp\/v2\/product_brand?post=10780"},{"taxonomy":"product_cat","embeddable":true,"href":"https:\/\/handel-sm.de\/wolle\/wp-json\/wp\/v2\/product_cat?post=10780"},{"taxonomy":"product_tag","embeddable":true,"href":"https:\/\/handel-sm.de\/wolle\/wp-json\/wp\/v2\/product_tag?post=10780"}],"curies":[{"name":"wp","href":"https:\/\/api.w.org\/{rel}","templated":true}]}}