{"id":10765,"date":"2024-10-29T12:53:49","date_gmt":"2024-10-29T11:53:49","guid":{"rendered":"https:\/\/handel-sm.de\/wolle\/?post_type=product&#038;p=10765"},"modified":"2024-11-14T14:21:54","modified_gmt":"2024-11-14T13:21:54","slug":"fee-royal-gruen-gelb-rot-100g-rellana","status":"publish","type":"product","link":"https:\/\/handel-sm.de\/wolle\/fee-royal-gruen-gelb-rot-100g-rellana\/","title":{"rendered":"Fee royal-gr\u00fcn-gelb-rot 100g &#8211; Rellana"},"content":{"rendered":"<div class=\"detail--attributes\">\n<div class=\"product--properties\">\n<header class=\"product--header\">\n<div class=\"product--details\">\n<h2 class=\"product--title\">exquisites Handstrickgarn &#8222;Fee royal-gr\u00fcn-gelb-rot&#8220; aus Baby Alpaka und Merino extrafine<\/h2>\n<\/div>\n<\/header>\n<div class=\"product--descriptions\">\n<div class=\"product--description--long\">\n<p>Made in Italy! Tauche ein in die Welt von Luxus und Kreativit\u00e4t mit diesem einzigartigen Garn.<\/p>\n<p><strong>Fee royal-gr\u00fcn-gelb-rot<\/strong> ist eine Fusion aus Baby Alpaka und Merino extrafine, zwei der feinsten und hochwertigsten Fasern, die die Natur zu bieten hat. Durch die sorgf\u00e4ltige Auswahl dieser Materialien bieten wir dir ein Strickergebnis von unvergleichlicher Weichheit und W\u00e4rme.<\/p>\n<p>Die riesigen, federleichten 100g Kn\u00e4uel machen das Stricken zu einem Vergn\u00fcgen, das du nicht mehr missen m\u00f6chtest. Jedes Kn\u00e4uel ist ein Kunstwerk f\u00fcr sich, mit sch\u00f6nen royal-gr\u00fcn-gelb-roten Farbverl\u00e4ufen, die deine Projekte einzigartig machen.<\/p>\n<p>Das Beste daran?!<\/p>\n<p>Fee wird in Italien hergestellt, einem Synonym f\u00fcr Handwerkskunst, Qualit\u00e4t, Mode und Stil. Deine Strickprojekte verdienen die Einzigartigkeit von <strong>Fee royal-gr\u00fcn-gelb-rot<\/strong> &#8211; lasse deiner Kreativit\u00e4t freien Lauf!<\/p>\n<p><img data-recalc-dims=\"1\" loading=\"lazy\" decoding=\"async\" id=\"tinymce-editor-image-05110613-0e58-4451-870b-822e8ee08efe\" class=\"tinymce-editor-image tinymce-editor-image-05110613-0e58-4451-870b-822e8ee08efe\" src=\"https:\/\/i0.wp.com\/handel.rellana.de\/media\/image\/f0\/06\/04\/Symbole_nonmule.png?resize=58%2C58&#038;ssl=1\" alt=\"Symbole_nonmule\" width=\"58\" height=\"58\" data-src=\"media\/image\/Symbole_nonmule.png\" \/>\u00a0 \u00a0\u00a0<img data-recalc-dims=\"1\" loading=\"lazy\" decoding=\"async\" id=\"tinymce-editor-image-f798c152-676a-46d1-ae3a-cbe2952289b2\" class=\"tinymce-editor-image tinymce-editor-image-f798c152-676a-46d1-ae3a-cbe2952289b2\" src=\"https:\/\/i0.wp.com\/handel.rellana.de\/media\/image\/14\/e9\/8b\/Made_in_Italy_20230tGl2YwTgDNI6.png?resize=58%2C58&#038;ssl=1\" alt=\"Made_in_Italy_20230tGl2YwTgDNI6\" width=\"58\" height=\"58\" data-src=\"media\/image\/Made_in_Italy_20230tGl2YwTgDNI6.png\" \/><\/p>\n<\/div>\n<\/div>\n<div class=\"detail--attributes\">\n<div class=\"product--properties\">\n<ul>\n<li data-property=\"Zusammensetzung\"><strong>Zusammensetzung:<\/strong><br \/>\n73% Schurwolle (Merino extrafine),15% Alpaka,12% Polyacryl<\/li>\n<li><strong>Farbe:<\/strong><br \/>\nroyal-gr\u00fcn-gelb-rot<\/li>\n<li data-property=\"Saison\"><strong>Saison:<\/strong><br \/>\nHerbst \/ Winter<\/li>\n<li data-property=\"Verbrauch\"><strong>Verbrauch:<\/strong><br \/>\nPullover Gr. 40 = ca. 400g<\/li>\n<li data-property=\"Laufl\u00e4nge\"><strong>Gewicht \/ Laufl\u00e4nge:<\/strong><br \/>\n100g = ca. 300m<\/li>\n<li data-property=\"Nadelst\u00e4rke \"><strong>Nadelst\u00e4rke :<\/strong><br \/>\n5-6<\/li>\n<li data-property=\"Maschenprobe\"><strong>Maschenprobe:<\/strong><br \/>\n10 x 10 cm = 13 M | 20 R<\/li>\n<li><strong>Made in\/Hergestellt in:<\/strong><br \/>\nItaly\/Italien<\/li>\n<li data-property=\"Waschanleitung\"><strong>Waschanleitung:<\/strong><br \/>\n<img data-recalc-dims=\"1\" decoding=\"async\" class=\"icon\" title=\"Waschen-30-Grad-Feinw\u00e4sche\" src=\"https:\/\/i0.wp.com\/handel.rellana.de\/media\/image\/b8\/73\/40\/Waschen-30-Grad-Feinwasche.jpg?w=750&#038;ssl=1\" alt=\"Waschen-30-Grad-Feinw\u00e4sche\" \/><img data-recalc-dims=\"1\" decoding=\"async\" class=\"icon\" title=\"Trockenreinigung\" src=\"https:\/\/i0.wp.com\/handel.rellana.de\/media\/image\/8e\/88\/0a\/Trockenreinigung.jpg?w=750&#038;ssl=1\" alt=\"Trockenreinigung\" \/><img data-recalc-dims=\"1\" decoding=\"async\" class=\"icon\" title=\"Nicht-Trockner\" src=\"https:\/\/i0.wp.com\/handel.rellana.de\/media\/image\/fc\/bf\/02\/Nicht-Trockner.jpg?w=750&#038;ssl=1\" alt=\"Nicht-Trockner\" \/><img data-recalc-dims=\"1\" decoding=\"async\" class=\"icon\" title=\"B\u00fcgeln-1\" src=\"https:\/\/i0.wp.com\/handel.rellana.de\/media\/image\/de\/18\/30\/Bugeln-1.jpg?w=750&#038;ssl=1\" alt=\"B\u00fcgeln-1\" \/><img data-recalc-dims=\"1\" decoding=\"async\" class=\"icon\" title=\"Bleichen-Nicht-bleichen\" src=\"https:\/\/i0.wp.com\/handel.rellana.de\/media\/image\/4d\/f8\/e9\/Bleichen-Nicht-bleichen.jpg?w=750&#038;ssl=1\" alt=\"Bleichen-Nicht-bleichen\" \/><\/li>\n<li data-property=\"Waschanleitung\"><strong>Strickanleitung:<\/strong><\/li>\n<li data-property=\"Waschanleitung\"><a href=\"https:\/\/handel-sm.de\/wolle\/wp-content\/uploads\/sites\/2\/2024\/10\/672-Fee-Mantel.pdf\" target=\"_blank\" rel=\"noopener\">https:\/\/handel-sm.de\/wolle\/wp-content\/uploads\/sites\/2\/2024\/10\/672-Fee-Mantel.pdf<\/a><\/li>\n<li data-property=\"Waschanleitung\"><a href=\"https:\/\/handel-sm.de\/wolle\/wp-content\/uploads\/sites\/2\/2024\/10\/661-Fee-Bolero-Pullover.pdf\" target=\"_blank\" rel=\"noopener\">https:\/\/handel-sm.de\/wolle\/wp-content\/uploads\/sites\/2\/2024\/10\/661-Fee-Bolero-Pullover.pdf<\/a><\/li>\n<\/ul>\n<\/div>\n<\/div>\n<\/div>\n<\/div>\n","protected":false},"excerpt":{"rendered":"<header class=\"product--header\">\n<div class=\"product--details\">\n<h2 class=\"product--title\">exquisites Handstrickgarn &#8222;Fee&#8220; aus Baby Alpaka und Merino extrafine<\/h2>\n<\/div>\n<\/header>\n<div class=\"product--descriptions\">\n<div class=\"product--description--long\">\n<p>Made in Italy! Tauche ein in die Welt von Luxus und Kreativit\u00e4t mit diesem einzigartigen Garn.<\/p>\n<p><strong>Fee royal-gr\u00fcn-gelb-rot<\/strong> ist eine Fusion aus Baby Alpaka und Merino extrafine, zwei der feinsten und hochwertigsten Fasern, die die Natur zu bieten hat. Durch die sorgf\u00e4ltige Auswahl dieser Materialien bieten wir dir ein Strickergebnis von unvergleichlicher Weichheit und W\u00e4rme.<\/p>\n<\/div>\n<\/div>\n","protected":false},"featured_media":10657,"template":"","meta":[],"product_brand":[],"product_cat":[224],"product_tag":[],"class_list":{"0":"post-10765","1":"product","2":"type-product","3":"status-publish","4":"has-post-thumbnail","6":"product_cat-alpaka-mischgarn","8":"first","9":"instock","10":"taxable","11":"shipping-taxable","12":"purchasable","13":"product-type-simple"},"_links":{"self":[{"href":"https:\/\/handel-sm.de\/wolle\/wp-json\/wp\/v2\/product\/10765","targetHints":{"allow":["GET"]}}],"collection":[{"href":"https:\/\/handel-sm.de\/wolle\/wp-json\/wp\/v2\/product"}],"about":[{"href":"https:\/\/handel-sm.de\/wolle\/wp-json\/wp\/v2\/types\/product"}],"wp:featuredmedia":[{"embeddable":true,"href":"https:\/\/handel-sm.de\/wolle\/wp-json\/wp\/v2\/media\/10657"}],"wp:attachment":[{"href":"https:\/\/handel-sm.de\/wolle\/wp-json\/wp\/v2\/media?parent=10765"}],"wp:term":[{"taxonomy":"product_brand","embeddable":true,"href":"https:\/\/handel-sm.de\/wolle\/wp-json\/wp\/v2\/product_brand?post=10765"},{"taxonomy":"product_cat","embeddable":true,"href":"https:\/\/handel-sm.de\/wolle\/wp-json\/wp\/v2\/product_cat?post=10765"},{"taxonomy":"product_tag","embeddable":true,"href":"https:\/\/handel-sm.de\/wolle\/wp-json\/wp\/v2\/product_tag?post=10765"}],"curies":[{"name":"wp","href":"https:\/\/api.w.org\/{rel}","templated":true}]}}