{"id":10745,"date":"2024-10-23T11:46:58","date_gmt":"2024-10-23T09:46:58","guid":{"rendered":"https:\/\/handel-sm.de\/wolle\/?post_type=product&#038;p=10745"},"modified":"2024-10-25T19:35:39","modified_gmt":"2024-10-25T17:35:39","slug":"passion-gruen-bordeaux-fuchsie-petrol-150g","status":"publish","type":"product","link":"https:\/\/handel-sm.de\/wolle\/passion-gruen-bordeaux-fuchsie-petrol-150g\/","title":{"rendered":"Passion gr\u00fcn-bordeaux-fuchsie-petrol 150g Dochtgarn"},"content":{"rendered":"<header class=\"product--header\">\n<div class=\"product--details\">\n<h2 class=\"product--title\">Passion gr\u00fcn-bordeaux-fuchsie-petrol &#8211; Dochtgarn von Rellana<\/h2>\n<\/div>\n<\/header>\n<div class=\"product--descriptions\">\n<div class=\"product--description--long\">\n<p>Lust auf kuschelige Strickprojekte? Mit dem Dochtgarn Passion gr\u00fcn-bordeaux-fuchsie-petrol lassen sie sich umsetzen.<\/p>\n<p>An langen Herbst- und Winterabenden sich &#8211; strickend und h\u00e4kelnd &#8211; von seiner Volumin\u00f6sit\u00e4t und Weichheit verzaubern lassen. In die Welt der traumhaft sch\u00f6nen gr\u00fcn-bordeaux-fuchsie-petrolfarbenen Farbverl\u00e4ufe von Passion eintauchen.<\/p>\n<h3>gro\u00dfz\u00fcgiges 150 g-Farbverlaufsgarn<\/h3>\n<p>Mit einem volumin\u00f6sen 150 g <strong>Gro\u00dfkn\u00e4uel<\/strong> bist du bestens ausgestattet f\u00fcr lange Strickstunden, ohne st\u00e4ndig neue Wolle anknoten zu m\u00fcssen. Die Nadelst\u00e4rke 7-8 erm\u00f6glicht ein z\u00fcgiges Strickerlebnis, perfekt f\u00fcr Anf\u00e4nger, die schnell erste Ergebnisse sehen m\u00f6chten. Auch f\u00fcr Fortgeschrittene ist das <strong>Schnellstrickgarn<\/strong> mit seinem gr\u00fcn-bordeaux-fuchsie-petrol Farbverlauf ein Genuss!<\/p>\n<p>Was macht dieses Farbverlaufsgarn noch besonders? Die Wolle stammt aus S\u00fcdamerika und ist <strong>mulesingfrei. <\/strong>Passion gr\u00fcn-bordeaux-fuchsie-petrol ist OEKOTEX\u00ae zertifiziert, damit kannst du nicht nur deiner Kreativit\u00e4t freien Lauf lassen, sondern auch ein gutes Gewissen haben.<\/p>\n<p>Also die Nadeln schnappen und sich von der Leidenschaft, die in jedem Kn\u00e4uel Passion steckt, inspirieren lassen! <strong>Made in Italy<\/strong>!<\/p>\n<\/div>\n<\/div>\n<div class=\"detail--attributes\">\n<div class=\"product--properties\">\n<ul>\n<li data-property=\"Zusammensetzung\"><strong>Zusammensetzung:<\/strong><br \/>\n53% Schurwolle, 47% Polyacryl<\/li>\n<li><strong>Farbe:<\/strong><br \/>\ngr\u00fcn-bordeaux-fuchsie-petrol<\/li>\n<li data-property=\"Saison\"><strong>Saison:<\/strong><br \/>\nHerbst \/ Winter<\/li>\n<li data-property=\"Verbrauch\"><strong>Verbrauch:<\/strong><br \/>\nPullover Gr. 40 = ca. 750g<\/li>\n<li data-property=\"Laufl\u00e4nge\"><strong>Gewicht\/Laufl\u00e4nge:<\/strong><br \/>\n150 g = ca. 210 m<\/li>\n<li data-property=\"Nadelst\u00e4rke \"><strong>Nadelst\u00e4rke :<\/strong><br \/>\n7-8<\/li>\n<li data-property=\"Maschenprobe\"><strong>Maschenprobe:<\/strong><br \/>\n10 x 10 cm = 13 M | 18 R<\/li>\n<li data-property=\"Waschanleitung\"><strong>Waschanleitung:<\/strong><br \/>\n<img data-recalc-dims=\"1\" decoding=\"async\" class=\"icon\" title=\"Waschen-30-Grad-Feinw\u00e4sche\" src=\"https:\/\/i0.wp.com\/handel.rellana.de\/media\/image\/b8\/73\/40\/Waschen-30-Grad-Feinwasche.jpg?w=750&#038;ssl=1\" alt=\"Waschen-30-Grad-Feinw\u00e4sche\" \/><img data-recalc-dims=\"1\" decoding=\"async\" class=\"icon\" title=\"Trockenreinigung\" src=\"https:\/\/i0.wp.com\/handel.rellana.de\/media\/image\/8e\/88\/0a\/Trockenreinigung.jpg?w=750&#038;ssl=1\" alt=\"Trockenreinigung\" \/><img data-recalc-dims=\"1\" decoding=\"async\" class=\"icon\" title=\"Nicht-Trockner\" src=\"https:\/\/i0.wp.com\/handel.rellana.de\/media\/image\/fc\/bf\/02\/Nicht-Trockner.jpg?w=750&#038;ssl=1\" alt=\"Nicht-Trockner\" \/><img data-recalc-dims=\"1\" decoding=\"async\" class=\"icon\" title=\"Maschine\" src=\"https:\/\/i0.wp.com\/handel.rellana.de\/media\/image\/3f\/93\/06\/Maschine.jpg?w=750&#038;ssl=1\" alt=\"Maschine\" \/><img data-recalc-dims=\"1\" decoding=\"async\" class=\"icon\" title=\"B\u00fcgeln-1\" src=\"https:\/\/i0.wp.com\/handel.rellana.de\/media\/image\/de\/18\/30\/Bugeln-1.jpg?w=750&#038;ssl=1\" alt=\"B\u00fcgeln-1\" \/><img data-recalc-dims=\"1\" decoding=\"async\" class=\"icon\" title=\"Bleichen-Nicht-bleichen\" src=\"https:\/\/i0.wp.com\/handel.rellana.de\/media\/image\/4d\/f8\/e9\/Bleichen-Nicht-bleichen.jpg?w=750&#038;ssl=1\" alt=\"Bleichen-Nicht-bleichen\" \/><\/li>\n<li><strong>Made in\/Hergestellt in:<\/strong><br \/>\nItaly\/Italien<\/li>\n<li><strong>Zertifikat:<\/strong><\/li>\n<li><img data-recalc-dims=\"1\" loading=\"lazy\" decoding=\"async\" id=\"tinymce-editor-image-c1323ce5-785f-4236-8b5d-196caab56827\" class=\"tinymce-editor-image tinymce-editor-image-c1323ce5-785f-4236-8b5d-196caab56827\" src=\"https:\/\/i0.wp.com\/handel.rellana.de\/media\/image\/f0\/06\/04\/Symbole_nonmule.png?resize=68%2C68&#038;ssl=1\" alt=\"Symbole_nonmule\" width=\"68\" height=\"68\" data-src=\"media\/image\/Symbole_nonmule.png\" \/>\u00a0 <img data-recalc-dims=\"1\" loading=\"lazy\" decoding=\"async\" id=\"tinymce-editor-image-62f2de9c-c16c-402e-a135-03c72f256f11\" class=\"tinymce-editor-image tinymce-editor-image-62f2de9c-c16c-402e-a135-03c72f256f11\" src=\"https:\/\/i0.wp.com\/handel.rellana.de\/media\/image\/14\/e9\/8b\/Made_in_Italy_20230tGl2YwTgDNI6.png?resize=66%2C66&#038;ssl=1\" alt=\"Made_in_Italy_20230tGl2YwTgDNI6\" width=\"66\" height=\"66\" data-src=\"media\/image\/Made_in_Italy_20230tGl2YwTgDNI6.png\" \/>\u00a0<img data-recalc-dims=\"1\" loading=\"lazy\" decoding=\"async\" id=\"tinymce-editor-image-8860ff91-03b2-4bcb-8f9c-a791e76701b7\" class=\"tinymce-editor-image tinymce-editor-image-8860ff91-03b2-4bcb-8f9c-a791e76701b7\" src=\"https:\/\/i0.wp.com\/handel.rellana.de\/media\/image\/a9\/ec\/2b\/Verlene.png?resize=102%2C61&#038;ssl=1\" alt=\"Verlene\" width=\"102\" height=\"61\" data-src=\"media\/image\/Verlene.png\" \/><\/li>\n<\/ul>\n<\/div>\n<\/div>\n<div class=\"nr-product-rating-module\"><\/div>\n<div class=\"nr-product-rating-module\">\n<div class=\"short\">\n<div><a href=\"https:\/\/handel-sm.de\/wolle\/dochtgarn\/\" target=\"_blank\" rel=\"noopener\">weitere Dochtgarne mit spannenden Farbkombinationen<\/a><\/div>\n<\/div>\n<\/div>\n<div><\/div>\n<div><strong>Strickanleitungen:<\/strong><\/div>\n<div>&#8211; <a href=\"https:\/\/handel-sm.de\/wolle\/wp-content\/uploads\/sites\/2\/2024\/10\/659-Passion-Kragenpullover.pdf\" target=\"_blank\" rel=\"noopener\">Passion-Kragenpullover.pdf<\/a><\/div>\n<div>&#8211; <a href=\"https:\/\/handel-sm.de\/wolle\/wp-content\/uploads\/sites\/2\/2024\/10\/559-Passion-Strickjacke.pdf\" target=\"_blank\" rel=\"noopener\">Passion Strickjacke.pdf<\/a><\/div>\n<div>&#8211; <a href=\"https:\/\/handel-sm.de\/wolle\/wp-content\/uploads\/sites\/2\/2024\/10\/309-Passion_Pullover-mit-Zopf-und-Perlmuster.pdf\" target=\"_blank\" rel=\"noopener\">Passion_Pullover-mit-Zopf-und-Perlmuster.pdf<\/a><\/div>\n<div>&#8211; <a href=\"https:\/\/handel-sm.de\/wolle\/wp-content\/uploads\/sites\/2\/2024\/10\/378-Passion_Schal-mit-Taschen.pdf\">Passion_Schal-mit-Taschen.pdf<\/a><\/div>\n<div>&#8211; <a href=\"https:\/\/handel-sm.de\/wolle\/wp-content\/uploads\/sites\/2\/2024\/10\/347-Passion_Mantel.pdf\" target=\"_blank\" rel=\"noopener\">Passion_Mantel.pdf<\/a><\/div>\n<div>&#8211; <a href=\"https:\/\/handel-sm.de\/wolle\/wp-content\/uploads\/sites\/2\/2024\/10\/319-Passion_Muetze-und-Loop.pdf\" target=\"_blank\" rel=\"noopener\">Passion_M\u00fctze-und-Loop.pdf<\/a><\/div>\n","protected":false},"excerpt":{"rendered":"<header class=\"product--header\">\n<div class=\"product--details\">\n<h2 class=\"product--title\">Passion gr\u00fcn-bordeaux-fuchsie-petrol &#8211; Dochtgarn von Rellana<\/h2>\n<\/div>\n<\/header>\n<div class=\"product--descriptions\">\n<div class=\"product--description--long\">\n<p>Das Farbverlaufsgarn Passion gr\u00fcn-bordeaux-fuchsie-petrol verzaubert mit seiner Volumin\u00f6sit\u00e4t und Weichheit. Das volumin\u00f6se 150 g <strong>Gro\u00dfkn\u00e4uel<\/strong> mit der Nadelst\u00e4rke 7-8 erm\u00f6glicht ein z\u00fcgiges Strickerlebnis, perfekt f\u00fcr Anf\u00e4nger, die schnell erste Ergebnisse sehen m\u00f6chten. Auch f\u00fcr Fortgeschrittene ist das <strong>Schnellstrickgarn<\/strong> mit seinem gr\u00fcn-bordeaux-fuchsie-petrolfarbenen Farbverlauf ein Genuss!<\/p>\n<\/div>\n<\/div>\n","protected":false},"featured_media":10709,"template":"","meta":[],"product_brand":[],"product_cat":[225],"product_tag":[],"class_list":{"0":"post-10745","1":"product","2":"type-product","3":"status-publish","4":"has-post-thumbnail","6":"product_cat-dochtgarn","8":"first","9":"instock","10":"taxable","11":"shipping-taxable","12":"purchasable","13":"product-type-simple"},"_links":{"self":[{"href":"https:\/\/handel-sm.de\/wolle\/wp-json\/wp\/v2\/product\/10745","targetHints":{"allow":["GET"]}}],"collection":[{"href":"https:\/\/handel-sm.de\/wolle\/wp-json\/wp\/v2\/product"}],"about":[{"href":"https:\/\/handel-sm.de\/wolle\/wp-json\/wp\/v2\/types\/product"}],"wp:featuredmedia":[{"embeddable":true,"href":"https:\/\/handel-sm.de\/wolle\/wp-json\/wp\/v2\/media\/10709"}],"wp:attachment":[{"href":"https:\/\/handel-sm.de\/wolle\/wp-json\/wp\/v2\/media?parent=10745"}],"wp:term":[{"taxonomy":"product_brand","embeddable":true,"href":"https:\/\/handel-sm.de\/wolle\/wp-json\/wp\/v2\/product_brand?post=10745"},{"taxonomy":"product_cat","embeddable":true,"href":"https:\/\/handel-sm.de\/wolle\/wp-json\/wp\/v2\/product_cat?post=10745"},{"taxonomy":"product_tag","embeddable":true,"href":"https:\/\/handel-sm.de\/wolle\/wp-json\/wp\/v2\/product_tag?post=10745"}],"curies":[{"name":"wp","href":"https:\/\/api.w.org\/{rel}","templated":true}]}}