{"id":10540,"date":"2024-04-13T12:21:53","date_gmt":"2024-04-13T10:21:53","guid":{"rendered":"https:\/\/handel-sm.de\/wolle\/?post_type=product&#038;p=10540"},"modified":"2024-10-25T19:35:39","modified_gmt":"2024-10-25T17:35:39","slug":"finezza-feuerrot-fuchsia-mauve-blaugrau-200g","status":"publish","type":"product","link":"https:\/\/handel-sm.de\/wolle\/finezza-feuerrot-fuchsia-mauve-blaugrau-200g\/","title":{"rendered":"Finezza feuerrot-fuchsia-mauve-blaugrau, 200g"},"content":{"rendered":"<h2>Farbverlaufsgarn mit 55% Schurwolle<\/h2>\n<p><strong>Finezza feuerrot-fuchsia-mauve-blaugrau<\/strong> von Gr\u00fcndl setzt sich aus perfekt aufeinander abgestimmten Farben zusammen mit einem <strong>feuerrot-fuchsia-mauve-blaugrauen<\/strong> Farbverlauf. Der Farbverlauf entsteht direkt beim Stricken aus dem Kn\u00e4uel, ohne Anknoten und nerviges F\u00e4den vern\u00e4hen.<\/p>\n<h3><strong>Pulskin Rundkn\u00e4uel, 200g &#8211; Made in Italy<\/strong><strong><br \/>\n<\/strong><\/h3>\n<p>Das<strong> Bobbelgarn <\/strong>Finezza feuerrot-fuchsia-mauve-blaugrau hat ein <b>Gewicht von ca. 200 g<\/b> und eine <b>Laufl\u00e4nge von ca. 700 m. <\/b> Mit nur <b>einem Kn\u00e4uel<\/b> kann ein sch\u00f6nes<b> Dreieckstuch<\/b> in harmonisch aufeinander abgestimmten Farben gestrickt werden. Die <b>Anleitung<\/b> befindet sich in der <b>Banderole<\/b>.<\/p>\n<p>Und nur <strong>zwei Kn\u00e4uel<\/strong> (400 g) sind ausreichend f\u00fcr einen <strong>Pullover<\/strong> in Gr\u00f6\u00dfe 38. Auch andere Winteraccessoires wie Schals, M\u00fctzen, Handschuhe etc. k\u00f6nnen damit gestrickt werden.<\/p>\n<h2><strong>Finezza feuerrot-fuchsia-mauve-blaugrau &#8211; Neuheit von Gr\u00fcndl<br \/>\n<\/strong><\/h2>\n<p>Ein\u00a0 anschmiegsames, w\u00e4rmendes\u00a0 <a href=\"https:\/\/handel-sm.de\/wolle\/bobbelgarn\/\">Wintergarn in Bobbelform<\/a> mit <strong>55 % Schurwollanteil<\/strong> zum Stricken und H\u00e4keln von wundersch\u00f6ner Winterkleidung.<\/p>\n<p><strong>Tipp<\/strong>: Damit sich der Wollbobbel nicht st\u00e4ndig dreht und w\u00e4hrend des Stricken nicht herumkullert &gt; die Bobbelwolle von innen abstricken. Dazu das Fadenende vorsichtig aus dem Kn\u00e4uel herausziehen, ohne dass es sich dabei verknotet.<\/p>\n<div class=\"product_description\">\n<p>Weitere spannende Farbkompositionen vom <a href=\"https:\/\/handel-sm.de\/wolle\/finezza-200g-rundknaeuel-von-gruendl\"><strong>Finezza Schurwolle 55% <\/strong><\/a><\/p>\n<\/div>\n<ul>\n<li><strong>Zusammensetzung:<\/strong><br \/>\n55 % Schurwolle, 45 % Polyacryl<\/li>\n<li><strong>Farbe:<\/strong><br \/>\nfeuerrot-fuchsia-mauve-blaugrau<\/li>\n<li><strong>Saison:<\/strong><br \/>\nWinter<\/li>\n<li><strong>Verbrauch:<\/strong><br \/>\nPullover (Gr. 38) = 400 g\u00a0 \/ Dreieckstuch = 200 g<\/li>\n<li><strong>Gewicht\/Laufl\u00e4nge:<\/strong><br \/>\n200 g \/ 700 m<\/li>\n<li><strong>Nadelst\u00e4rke :<\/strong><br \/>\n3,5 mm &#8211; 4,5 mm<\/li>\n<li><strong>Maschenprobe:<\/strong><br \/>\n23 M x 29 R = 10 x 10 cm<\/li>\n<li><strong>Zertifikat:<\/strong><\/li>\n<li><a href=\"https:\/\/www.oeko-tex.com\/de\/label-check\/detail?number=10.0.77554\" target=\"_blank\" rel=\"noopener\">\u00d6ko-Tex\u00ae 10.0.77554 Hohenstein HTTI Standard 100<\/a><\/li>\n<li><strong>Pflegeanleitung:<\/strong>\n<ul>\n<li>Spezialschonwaschgang, max. 30 \u00b0C<\/li>\n<li>Liegend trocknen<\/li>\n<li>nicht B\u00fcgeln<\/li>\n<li>Chlorbleiche nicht m\u00f6glich<\/li>\n<li>nicht im Trockner trocknen<\/li>\n<li>Professionelle Chemischreinigung nicht m\u00f6glich<\/li>\n<\/ul>\n<\/li>\n<\/ul>\n","protected":false},"excerpt":{"rendered":"<h2>Farbverlaufsgarn mit 55% Schurwolle &#8211; Made in Italy<\/h2>\n<p><strong>Finezza feuerrot-fuchsia-mauve-blaugrau<\/strong> von Gr\u00fcndl setzt sich aus perfekt aufeinander abgestimmten Farben zusammen mit einem\u00a0<strong>feuerrot-fuchsia-mauve-blaugrauen<\/strong> Farbverlauf. Der Farbverlauf entsteht direkt beim Stricken aus dem Kn\u00e4uel, ohne Anknoten und nerviges F\u00e4den vern\u00e4hen.<\/p>\n","protected":false},"featured_media":10508,"template":"","meta":[],"product_brand":[],"product_cat":[189,220],"product_tag":[],"class_list":{"0":"post-10540","1":"product","2":"type-product","3":"status-publish","4":"has-post-thumbnail","6":"product_cat-bobbelgarn","7":"product_cat-finezza-200g-rundknaeuel-von-gruendl","9":"first","10":"instock","11":"taxable","12":"shipping-taxable","13":"purchasable","14":"product-type-simple"},"_links":{"self":[{"href":"https:\/\/handel-sm.de\/wolle\/wp-json\/wp\/v2\/product\/10540","targetHints":{"allow":["GET"]}}],"collection":[{"href":"https:\/\/handel-sm.de\/wolle\/wp-json\/wp\/v2\/product"}],"about":[{"href":"https:\/\/handel-sm.de\/wolle\/wp-json\/wp\/v2\/types\/product"}],"wp:featuredmedia":[{"embeddable":true,"href":"https:\/\/handel-sm.de\/wolle\/wp-json\/wp\/v2\/media\/10508"}],"wp:attachment":[{"href":"https:\/\/handel-sm.de\/wolle\/wp-json\/wp\/v2\/media?parent=10540"}],"wp:term":[{"taxonomy":"product_brand","embeddable":true,"href":"https:\/\/handel-sm.de\/wolle\/wp-json\/wp\/v2\/product_brand?post=10540"},{"taxonomy":"product_cat","embeddable":true,"href":"https:\/\/handel-sm.de\/wolle\/wp-json\/wp\/v2\/product_cat?post=10540"},{"taxonomy":"product_tag","embeddable":true,"href":"https:\/\/handel-sm.de\/wolle\/wp-json\/wp\/v2\/product_tag?post=10540"}],"curies":[{"name":"wp","href":"https:\/\/api.w.org\/{rel}","templated":true}]}}