{"id":10452,"date":"2024-02-10T12:01:00","date_gmt":"2024-02-10T11:01:00","guid":{"rendered":"https:\/\/handel-sm.de\/wolle\/?post_type=product&#038;p=10452"},"modified":"2026-02-16T10:02:42","modified_gmt":"2026-02-16T09:02:42","slug":"cotton-chic-beige-rosa-blau-braun-100g","status":"publish","type":"product","link":"https:\/\/handel-sm.de\/wolle\/cotton-chic-beige-rosa-blau-braun-100g\/","title":{"rendered":"Cotton Chic beige-rosa-blau-braun, 100g"},"content":{"rendered":"<h2>Modisches Sommergarn Cotton Chic beige-rosa-blau-braun, 100g<\/h2>\n<p>Ein leichtes Sommergarn mit 50% Baumwollanteil, ideal zum Stricken\/H\u00e4keln leichter Sommerpullis f\u00fcr k\u00fchle Sommerabende oder von Tops. In den Pastellfarben\u00a0<strong>beige-rosa-blau-braun <\/strong>sind Ihrer Kreativit\u00e4t keine Grenzen gesetzt.<\/p>\n<h3><strong>Limited Edition &#8211; Farbverlaufsgarn von Gr\u00fcndl<br \/>\n<\/strong><\/h3>\n<p>Das <strong>Mehrfarbengarn<\/strong> Cotton Chic beige-rosa-blau-braun in der Form eines Kuchen-Kn\u00e4uel ist limitiert. <strong>Ausverkauft ist ausverkauft. <\/strong>Daher kaufen Sie f\u00fcr Ihr Strickobjekt ausreichend Wolle. Weitere attraktive\u00a0<strong><a href=\"https:\/\/handel-sm.de\/wolle\/cotton-chic\/\">f\u00fcnf Farbkombinationen<\/a><\/strong>\u00a0 stehen zur Auswahl.<\/p>\n<p>&nbsp;<\/p>\n<ul>\n<li><strong>Zusammensetzung: <\/strong><br \/>\n50 % Baumwolle, 50 % Polyacryl<\/li>\n<li><strong>Saison:<\/strong><br \/>\nSommer<\/li>\n<li><strong>Gewicht\/Laufl\u00e4nge:<\/strong><br \/>\n100 g, LL 260 m<\/li>\n<li><strong>Verbrauch:<\/strong><br \/>\nPullover Gr. 38 = ca. 600 g<\/li>\n<li><strong>Nadelst\u00e4rke :<\/strong><br \/>\n3,00 \u2013 4,00 mm<\/li>\n<li><strong>Maschenprobe:<\/strong><br \/>\n10 x 10 cm = 22 Maschen x 30 Reihen<\/li>\n<li><strong>Zertifikat:<\/strong><\/li>\n<li><a href=\"https:\/\/www.oeko-tex.com\/de\/label-check\/detail?number=16.0.77241\" target=\"_blank\" rel=\"noopener\">\u00d6ko-Tex\u00ae 16.0.77241 Hohenstein HTTI Standard 100<\/a><\/li>\n<li><strong>Pflege:<\/strong><br \/>\nSchonwaschgang, max. 30 \u00b0C<br \/>\nNicht B\u00fcgeln<br \/>\nChlorbleiche nicht m\u00f6glich<\/li>\n<\/ul>\n<p><a href=\"https:\/\/handel-sm.de\/wolle\/sommergarn\/\"><strong>Weitere Sommergarne<\/strong><\/a><\/p>\n<p>&nbsp;<\/p>\n","protected":false},"excerpt":{"rendered":"<h2>Modisches Sommergarn Cotton Chic beige-rosa-blau-braun, 100g<\/h2>\n<p>Ein leichtes Sommergarn mit 50% Baumwollanteil, ideal zum Stricken\/H\u00e4keln leichter Sommerpullis f\u00fcr k\u00fchle Sommerabende oder von Tops. In den Pastellfarben\u00a0<strong>beige-rosa-blau-braun <\/strong>sind Ihrer Kreativit\u00e4t keine Grenzen gesetzt.<\/p>\n<h3><strong>Limited Edition &#8211; Farbverlaufsgarn von Gr\u00fcndl<br \/>\n<\/strong><\/h3>\n<p>Das <strong>Mehrfarbengarn<\/strong> Cotton Chic beige-rosa-blau-braun in der Form eines Kuchen-Kn\u00e4uel ist limitiert.<\/p>\n","protected":false},"featured_media":10437,"template":"","meta":[],"product_brand":[],"product_cat":[36,218],"product_tag":[],"class_list":{"0":"post-10452","1":"product","2":"type-product","3":"status-publish","4":"has-post-thumbnail","6":"product_cat-sommergarn","7":"product_cat-cotton-chic","9":"first","10":"outofstock","11":"taxable","12":"shipping-taxable","13":"purchasable","14":"product-type-simple"},"_links":{"self":[{"href":"https:\/\/handel-sm.de\/wolle\/wp-json\/wp\/v2\/product\/10452","targetHints":{"allow":["GET"]}}],"collection":[{"href":"https:\/\/handel-sm.de\/wolle\/wp-json\/wp\/v2\/product"}],"about":[{"href":"https:\/\/handel-sm.de\/wolle\/wp-json\/wp\/v2\/types\/product"}],"wp:featuredmedia":[{"embeddable":true,"href":"https:\/\/handel-sm.de\/wolle\/wp-json\/wp\/v2\/media\/10437"}],"wp:attachment":[{"href":"https:\/\/handel-sm.de\/wolle\/wp-json\/wp\/v2\/media?parent=10452"}],"wp:term":[{"taxonomy":"product_brand","embeddable":true,"href":"https:\/\/handel-sm.de\/wolle\/wp-json\/wp\/v2\/product_brand?post=10452"},{"taxonomy":"product_cat","embeddable":true,"href":"https:\/\/handel-sm.de\/wolle\/wp-json\/wp\/v2\/product_cat?post=10452"},{"taxonomy":"product_tag","embeddable":true,"href":"https:\/\/handel-sm.de\/wolle\/wp-json\/wp\/v2\/product_tag?post=10452"}],"curies":[{"name":"wp","href":"https:\/\/api.w.org\/{rel}","templated":true}]}}