{"id":10389,"date":"2023-11-23T18:51:57","date_gmt":"2023-11-23T17:51:57","guid":{"rendered":"https:\/\/handel-sm.de\/wolle\/?post_type=product&#038;p=10389"},"modified":"2024-10-25T19:35:39","modified_gmt":"2024-10-25T17:35:39","slug":"merino-plus-stampe-camel-sandbeige-100g-mondial","status":"publish","type":"product","link":"https:\/\/handel-sm.de\/wolle\/merino-plus-stampe-camel-sandbeige-100g-mondial\/","title":{"rendered":"Merino Plus Stampe camel-sandbeige, 100g, Mondial"},"content":{"rendered":"<h2>Merino Plus Stampe camel-sandbeige &#8211; Farbverlaufswolle von Mondial<\/h2>\n<p><strong>Mondial Merino Plus Stampe camel-sandbeige<\/strong> ist eine weiche Wolle, die aus Merino <strong>SUPERWASH<\/strong> Schurwolle und Acrylfasern besteht. Das 4-f\u00e4dige marmorierte Kn\u00e4uel ist in einer <a href=\"https:\/\/handel-sm.de\/wolle\/mondial-wolle-garne\"><strong>breiten Farbpalette<\/strong><\/a> verf\u00fcgbar. <strong>Tipp!<\/strong> Durch den langen, flie\u00dfenden camel-sandbeigen Farbverlauf k\u00f6nnen die Kn\u00e4uel einer Farbnummer au\u00dfen verschieden aussehen.<\/p>\n<section class=\"product-description\">\n<div>\n<p>Mit den marmorierten Kn\u00e4ueln <strong>Mondial Merino Plus Stampe camel-sandbeige<\/strong> werden Sie mit einfachen Maschen glatt oder kraus rechts einen sch\u00f6nen Effekt und ein perfektes Endergebnis f\u00fcr Ihre Herbst- oder Winter-Strickprojekte erzielen.<\/p>\n<h3>Mondial Merino Plus Stampe camel-sandbeige mit weicher Merinowolle<\/h3>\n<p>Eine marmorierte und bunte Handstrickwolle mit einem sch\u00f6nen flie\u00dfenden Farbverlauf, um bunte einzigartige Pullover, Schals, M\u00fctzen und weitere Kleidungsst\u00fccke f\u00fcr Herbst und Winter stricken k\u00f6nnen. <strong>Mondial Merino Plus camel-sandbeige <\/strong>ist eine Farbverlaufswolle mit weicher Merinowolle zum Stricken, H\u00e4keln und Handarbeiten.<\/p>\n<p>Sie k\u00f6nnen die Wolle in der Waschmaschine waschen, ohne dass sie ihre Form oder Aussehen verliert. Die Kombination aus Merino- und Acrylfasern sorgt f\u00fcr warme und widerstandsf\u00e4hige Handarbeits-Projekte.<\/p>\n<\/div>\n<\/section>\n<div class=\"pl_block pdp_details-short-info\" data-ft5-anchor-navigation-scroll-target=\"details-short-info\">\n<div class=\"pdp_details-short-info__brand-image js_pdp_details-short-info__brand-image\" data-ft5-click-tracking=\"{&quot;product_BrandLogo&quot;: &quot;click&quot;}\"><a class=\"ts-link ub64e js_pdp_detail-short-info__brand-link\" data-qa=\"brand\" data-ub64e=\"Lz9zZWxla3Rpb249KHVuZC4oaXN0Lm1hcmtlLm1vbmRpYWwpLih+Lih2LjEpKSk=\" data-ts-link=\"{&quot;product_BrandLogo&quot;: &quot;clicked&quot;}\" data-brand=\"Mondial\"> <img decoding=\"async\" class=\"pdp_detail-short-info__logo\" src=\"https:\/\/i.otto.de\/i\/otto\/e4c70a0b61b0ee27649c2b60723fe041?$ov_brandlogo_retina$\" alt=\"Mondial\" \/> <\/a><\/div>\n<\/div>\n<div class=\"pl_block pdp_details js_pdp_details\" data-ft5-anchor-navigation-scroll-target=\"details\">\n<div class=\"pl_text-expander pl_copy100 pdp_details__text-expander js_pdp_details__text-expander pl_text-expander--has-more pl_text-expander--expanded\" lang=\"de\">\n<p><a href=\"https:\/\/handel-sm.de\/wolle\/mondial-wolle-garne\">Weitere <strong>Mondialwolle\/-garne<\/strong> finden Sie hier<\/a><\/p>\n<ul>\n<li><strong>Zusammensetzung:<\/strong><br \/>\n52% Merino <strong>SUPERWASH<\/strong> Schurwolle, 48% Polyacryl<\/li>\n<li><strong>Farbe:<\/strong><br \/>\ncamel-sandbeige<\/li>\n<li><strong>Saison:<\/strong><br \/>\nHerbst \/ Winter<\/li>\n<li><strong>Verbrauch:<\/strong><br \/>\nDamenpullover Gr. 38 = ca. 500-600 g<\/li>\n<li>Pullover Gr. 10-j\u00e4hriges Kind = 400 &#8211; 500 g<\/li>\n<li>Herrenpullover Gr. 44 = 700 \u2013 800 g<\/li>\n<li><strong>Gewicht \/ Laufl\u00e4nge:<\/strong><br \/>\n100 g = ca. <span class=\"value\">125<\/span> m<\/li>\n<li><strong>Nadelst\u00e4rke :<\/strong><br \/>\n5,5 &#8211; 6,5 mm<\/li>\n<li><strong>Maschenprobe:<\/strong><br \/>\n10 x 10 cm = 18 M | 20 R<\/li>\n<li><strong>Made in\/Hergestellt in:<\/strong><br \/>\nMade in Italy\/Hergestellt in Italien<\/li>\n<li><strong>Pflegeanleitung:<\/strong><br \/>\n30\u00b0 Schonwaschgang, 1-Punkt-B\u00fcgeln, nicht f\u00fcr den Trockner geeignet, keinen Weichsp\u00fcler\/chlorhaltige Produkte, liegend trocknen.<\/li>\n<\/ul>\n<\/div>\n<\/div>\n","protected":false},"excerpt":{"rendered":"<p><strong>Mondial Merino Plus Stampe camel-sandbeige<\/strong> ist eine weiche Wolle, die aus Merino <strong>SUPERWASH<\/strong> Schurwolle und Acrylfasern besteht. Das 4-f\u00e4dige marmorierte Kn\u00e4uel ist in einer breiten Farbpalette verf\u00fcgbar.<\/p>\n<section class=\"product-description\">\n<div>\n<p>Mit den marmorierten Kn\u00e4ueln <strong>Mondial Merino Plus Stampe camel-sandbeige<\/strong> werden Sie mit einfachen Maschen glatt oder kraus rechts einen sch\u00f6nen Effekt und ein perfektes Endergebnis f\u00fcr Ihre Herbst- oder Winter-Strickprojekte erzielen.<\/p>\n<\/div>\n<\/section>\n","protected":false},"featured_media":10358,"template":"","meta":[],"product_brand":[],"product_cat":[217],"product_tag":[],"class_list":{"0":"post-10389","1":"product","2":"type-product","3":"status-publish","4":"has-post-thumbnail","6":"product_cat-mondial-wolle-garne","8":"first","9":"instock","10":"taxable","11":"shipping-taxable","12":"purchasable","13":"product-type-simple"},"_links":{"self":[{"href":"https:\/\/handel-sm.de\/wolle\/wp-json\/wp\/v2\/product\/10389","targetHints":{"allow":["GET"]}}],"collection":[{"href":"https:\/\/handel-sm.de\/wolle\/wp-json\/wp\/v2\/product"}],"about":[{"href":"https:\/\/handel-sm.de\/wolle\/wp-json\/wp\/v2\/types\/product"}],"wp:featuredmedia":[{"embeddable":true,"href":"https:\/\/handel-sm.de\/wolle\/wp-json\/wp\/v2\/media\/10358"}],"wp:attachment":[{"href":"https:\/\/handel-sm.de\/wolle\/wp-json\/wp\/v2\/media?parent=10389"}],"wp:term":[{"taxonomy":"product_brand","embeddable":true,"href":"https:\/\/handel-sm.de\/wolle\/wp-json\/wp\/v2\/product_brand?post=10389"},{"taxonomy":"product_cat","embeddable":true,"href":"https:\/\/handel-sm.de\/wolle\/wp-json\/wp\/v2\/product_cat?post=10389"},{"taxonomy":"product_tag","embeddable":true,"href":"https:\/\/handel-sm.de\/wolle\/wp-json\/wp\/v2\/product_tag?post=10389"}],"curies":[{"name":"wp","href":"https:\/\/api.w.org\/{rel}","templated":true}]}}