{"id":10335,"date":"2023-11-10T12:13:45","date_gmt":"2023-11-10T11:13:45","guid":{"rendered":"https:\/\/handel-sm.de\/wolle\/?post_type=product&#038;p=10335"},"modified":"2024-11-14T18:47:33","modified_gmt":"2024-11-14T17:47:33","slug":"mosaico-dunkelgruen-braun-50-g-mondial","status":"publish","type":"product","link":"https:\/\/handel-sm.de\/wolle\/mosaico-dunkelgruen-braun-50-g-mondial\/","title":{"rendered":"Mosaico dunkelgr\u00fcn-braun, 50 g Mondial"},"content":{"rendered":"<section class=\"product-description\">\n<div>\n<h2>Mosaico dunkelgr\u00fcn-braun &#8211; Flauschgarn von Mondial<\/h2>\n<p>Ein marmoriertes Flauschgarn in dunkelgr\u00fcn-braun, die ein farbenfrohes Mosaik bilden. So erhalten Ihre Projekte ein einzigartiges, originelles Aussehen.<\/p>\n<p>Das <strong>Mondial<\/strong>-Kn\u00e4uel \u00fcberrascht mit seinem weichen, flauschigen und warmen Griff. Dieses dicke Garn ist ideal f\u00fcr winterliche, sehr warme, volumin\u00f6se Kleidungsst\u00fccke und Accessoires.<\/p>\n<p><strong>Mosaico dunkelgr\u00fcn-braun<\/strong> besteht aus einer Mischung von nat\u00fcrlichen und synthetischen Fasern wie Alpaka, Merinowolle, Polyamid und Acryl. Das Kn\u00e4uel ist besonders flauschig und kuschelig, weil die Fasern nicht geflochten wurden.<\/p>\n<\/div>\n<\/section>\n<h2>Mosaikgarn Mosaico dunkelgr\u00fcn-braun<\/h2>\n<p>Ein seidig gl\u00e4nzendes Kn\u00e4uel, das nach dem F\u00e4rben und Waschen seinen Glanz beh\u00e4lt. Eine elastische, widerstandsf\u00e4hige, leichte, aber sehr warme Faser. <strong>Mosaico dunkelgr\u00fcn-braun<\/strong> besteht aus feinem Alpakahaar, Merino-Schurwolle und synthetischen Fasern. Der marmorfarbene Mosaikeffekt verleiht Ihren selbstgestrickten Kleidungsst\u00fccken und Accessoires ein einzigartiges und originelles Design, das Sie begeistern wird. Die feinen, hochwertigen Fasern verleihen dem Garn einen weichen Charakter, das sehr w\u00e4rmend ist.<\/p>\n<p><a href=\"https:\/\/handel-sm.de\/wolle\/mondial-wolle-garne\/\">Weitere Mondialwolle\/-garne finden Sie hier<\/a><\/p>\n<ul>\n<li><strong>Zusammensetzung:<\/strong><br \/>\n50 % Acryl-Mikrofaser, 25 % feines Alpaka, 15% Polyamid-Mikrofaser, 10 % Merino-Schurwolle<\/li>\n<li><strong>Farbe:<\/strong><br \/>\ndunkelgr\u00fcn-braun<\/li>\n<li><strong>Saison:<\/strong><br \/>\nHerbst \/ Winter<\/li>\n<li><strong>Verbrauch:<\/strong><br \/>\nPullover 10 j\u00e4hriges Kind = ca 250-300 g &gt; ca 5-6 Kn\u00e4uel.<\/li>\n<li>Damenpullover Gr. 38 = ca. 350-400 g &gt; ca. 7-8 Kn\u00e4uel.<\/li>\n<li>Um einen Herrenpullover der Gr\u00f6\u00dfe 44 zu stricken, ben\u00f6tigen Sie etwa 450-500 Gramm, also etwa 9-10 Kn\u00e4uel.<\/li>\n<li><strong>Gewicht \/ Laufl\u00e4nge:<\/strong><br \/>\n50 g = ca. 120 m<\/li>\n<li><strong>Nadelst\u00e4rke :<\/strong><br \/>\n4,5 \u2013 5,5<\/li>\n<li><strong>Maschenprobe:<\/strong><br \/>\n10 x 10 cm = 12 M | 21 R<\/li>\n<li><strong>Made in\/Hergestellt in:<\/strong><br \/>\nItaly \/ Italien<\/li>\n<li><strong>Pflegeanleitung:<\/strong><br \/>\n30\u00b0 Schonwaschgang, nicht B\u00fcgeln, nicht f\u00fcr den Trockner geeignet, liegend trocknen.<\/li>\n<\/ul>\n","protected":false},"excerpt":{"rendered":"<h2>Mosaico dunkelgr\u00fcn-braun &#8211; Flauschgarn von Mondial<\/h2>\n<p>Ein marmoriertes Flauschgarn in dunkelgr\u00fcn-braun, die ein farbenfrohes Mosaik bilden. So erhalten Ihre Projekte ein einzigartiges, originelles Aussehen.<\/p>\n<p>Das <strong>Mondial-Kn\u00e4uel<\/strong> \u00fcberrascht mit seinem weichen, flauschigen und warmen Griff und ist ideal f\u00fcr winterliche, sehr warme, volumin\u00f6se Handarbeiten.<\/p>\n<p><strong>Mosaico dunkelgr\u00fcn-braun<\/strong> besteht aus einer Mischung von Alpaka, Merinowolle, Polyamid und Acryl. Das Kn\u00e4uel ist besonders flauschig und kuschelig, weil die Fasern nicht geflochten wurden.<\/p>\n","protected":false},"featured_media":10397,"template":"","meta":[],"product_brand":[],"product_cat":[217,159,224],"product_tag":[],"class_list":{"0":"post-10335","1":"product","2":"type-product","3":"status-publish","4":"has-post-thumbnail","6":"product_cat-mondial-wolle-garne","7":"product_cat-aktion","8":"product_cat-alpaka-mischgarn","10":"first","11":"instock","12":"sale","13":"taxable","14":"shipping-taxable","15":"purchasable","16":"product-type-simple"},"_links":{"self":[{"href":"https:\/\/handel-sm.de\/wolle\/wp-json\/wp\/v2\/product\/10335","targetHints":{"allow":["GET"]}}],"collection":[{"href":"https:\/\/handel-sm.de\/wolle\/wp-json\/wp\/v2\/product"}],"about":[{"href":"https:\/\/handel-sm.de\/wolle\/wp-json\/wp\/v2\/types\/product"}],"wp:featuredmedia":[{"embeddable":true,"href":"https:\/\/handel-sm.de\/wolle\/wp-json\/wp\/v2\/media\/10397"}],"wp:attachment":[{"href":"https:\/\/handel-sm.de\/wolle\/wp-json\/wp\/v2\/media?parent=10335"}],"wp:term":[{"taxonomy":"product_brand","embeddable":true,"href":"https:\/\/handel-sm.de\/wolle\/wp-json\/wp\/v2\/product_brand?post=10335"},{"taxonomy":"product_cat","embeddable":true,"href":"https:\/\/handel-sm.de\/wolle\/wp-json\/wp\/v2\/product_cat?post=10335"},{"taxonomy":"product_tag","embeddable":true,"href":"https:\/\/handel-sm.de\/wolle\/wp-json\/wp\/v2\/product_tag?post=10335"}],"curies":[{"name":"wp","href":"https:\/\/api.w.org\/{rel}","templated":true}]}}