{"id":10326,"date":"2023-11-01T15:53:34","date_gmt":"2023-11-01T14:53:34","guid":{"rendered":"https:\/\/handel-sm.de\/wolle\/?post_type=product&#038;p=10326"},"modified":"2024-10-25T19:35:40","modified_gmt":"2024-10-25T17:35:40","slug":"calore-blau-lila-gruen-200g-gruendl","status":"publish","type":"product","link":"https:\/\/handel-sm.de\/wolle\/calore-blau-lila-gruen-200g-gruendl\/","title":{"rendered":"Calore blau-lila-gr\u00fcn 200g Gruendl"},"content":{"rendered":"<h2><strong>trendiges Bobbelgarn, 200g mit<\/strong><strong> breiten\u00a0<\/strong><strong>blau-lila-gr\u00fcnen Farbverlauf<\/strong><\/h2>\n<p><strong>Calore blau-lila-gr\u00fcn<\/strong> von Gr\u00fcndl setzt sich aus harmonisch aufeinander abgestimmten Farben zusammen mit einem breiten blau-lila-gr\u00fcnen Farbverlauf. Das Kn\u00e4uel hat ein <b>Gewicht von ca. 200 g<\/b> und eine <b>Laufl\u00e4nge von ca. 360 m.<\/b> Es l\u00e4sst sich <strong>leicht und schnell stricken<\/strong> mit einer <b>Nadelst\u00e4rke von 5,0 \u2013 6,0.<\/b><\/p>\n<h3>pflegeleichtes Farbverlaufsgarn mit Colour-Blocking<\/h3>\n<p><strong>Calore blau-lila-gr\u00fcn<\/strong> ist ein pflegeleichter, klassischer 3-fach Zwirn. Das Colour-Blocking entsteht beim Stricken direkt aus dem Kn\u00e4uel, ohne l\u00e4stiges F\u00e4den vern\u00e4hen und ohne Anknoten.<\/p>\n<h2><strong>Calore blau-lila-gr\u00fcn &#8211; Limited Edition (nur solange Vorrat reicht) von Gr\u00fcndl<br \/>\n<\/strong><\/h2>\n<p>Ein superweiches, anschmiegsames <a href=\"https:\/\/handel-sm.de\/wolle\/bobbelgarn\/\"><strong>Farbverlaufsgarn<\/strong> in Bobbelform<\/a>, das mit <strong>20 % Wollanteil<\/strong> ein angenehmes , w\u00e4rmendes Tragegef\u00fchl auf der Haut erzeugt.<\/p>\n<div class=\"product_description\">\n<p>Eine schicke <a class=\"keyword\" title=\"Wolle\" href=\"https:\/\/handel-sm.de\/wolle\/\">Wolle<\/a>\u00a0 f\u00fcr das Stricken von <b>Winterbekleidung<\/b> wie Pullis und Jacken in Colour-Blocking-Design, besondere <b>Winteraccessoires<\/b> mit tollem Farbeffekt wie Schals, M\u00fctzen und Handschuhen, Ponchos, Stulpen und Co. Mit nur <b>einem Kn\u00e4uel<\/b> kann ein sch\u00f6ner<b> Loop<\/b> in harmonisch aufeinander abgestimmten Farben gestrickt werden, ohne l\u00e4stiges F\u00e4den verknoten und vern\u00e4hen. Die <b>Anleitung<\/b> befindet in der <b>Banderole<\/b>. Auch geeignet f\u00fcr Home-Dekos wie Kissen.<\/p>\n<p>Weitere sechs verschiedene, spannende Farbkompositionen vom <a href=\"https:\/\/handel-sm.de\/wolle\/calore-farbverlaufsgarn-200g-gruendl\/\"><strong>Calore Farbverlaufsgarn <\/strong><\/a><\/p>\n<\/div>\n<ul>\n<li><strong>Zusammensetzung:<\/strong><br \/>\n80 % Polyacryl, 20 % Wolle<\/li>\n<li><strong>Farbe:<\/strong><br \/>\nblau-lila-gr\u00fcn<\/li>\n<li><strong>Saison:<\/strong><br \/>\nHerbst \/ Winter<\/li>\n<li><strong>Verbrauch:<\/strong><br \/>\nPullover (Gr. 38) = 600 g<\/li>\n<li><strong>Gewicht\/Laufl\u00e4nge:<\/strong><br \/>\n200 g \/ 360 m<\/li>\n<li><strong>Nadelst\u00e4rke :<\/strong><br \/>\n5 mm &#8211; 6 mm<\/li>\n<li><strong>Maschenprobe:<\/strong><br \/>\n17 M x 22 R = 10 x 10 cm<\/li>\n<li><strong>Zertifikat:<\/strong><\/li>\n<li><a href=\"https:\/\/www.oeko-tex.com\/de\/label-check\/detail?number=10.0.77554\" target=\"_blank\" rel=\"noopener\">\u00d6ko-Tex\u00ae 10.0.77554 Hohenstein HTTI Standard 100<\/a><\/li>\n<li><strong>Pflegeanleitung:<\/strong>\n<ul>\n<li>Spezialschonwaschgang, max. 30 \u00b0C<\/li>\n<li>am besten Woll-Wiege-Programm<\/li>\n<li>fl\u00fcssiges Fein- oder Wollwaschmittel<\/li>\n<li>Strickst\u00fccke liegend auf einem Handtuch trocknen und dabei in die richtige Form ziehen<\/li>\n<li>nicht B\u00fcgeln<\/li>\n<li>Chlorbleiche nicht m\u00f6glich<\/li>\n<li>nicht im Trockner trocknen<\/li>\n<li>nicht im direkten Sonnenlicht trocknen<\/li>\n<li>Professionelle Chemischreinigung m\u00f6glich<\/li>\n<\/ul>\n<\/li>\n<\/ul>\n<ul>\n<li><img data-recalc-dims=\"1\" loading=\"lazy\" decoding=\"async\" class=\"product-caresymbol\" src=\"https:\/\/i0.wp.com\/b2b.gruendl.com\/media\/7e\/58\/fe\/1593448276\/G_TTKZ_Waesche_Wollwaschgang_30s.png?resize=70%2C70&#038;ssl=1\" width=\"70\" height=\"70\" data-symbol=\"pf_wasch 10\" alt=\"\"> <img data-recalc-dims=\"1\" loading=\"lazy\" decoding=\"async\" class=\"product-caresymbol\" src=\"https:\/\/i0.wp.com\/b2b.gruendl.com\/media\/32\/47\/40\/1593448276\/G_TTKZ_Waesche_NichtBleichen.png?resize=71%2C71&#038;ssl=1\" width=\"71\" height=\"71\" data-symbol=\"pf_bleich 2\" alt=\"\"> <img data-recalc-dims=\"1\" loading=\"lazy\" decoding=\"async\" class=\"product-caresymbol\" src=\"https:\/\/i0.wp.com\/b2b.gruendl.com\/media\/c1\/39\/50\/1593448276\/G_TTKZ_Waesche_KeinTrockner.png?resize=70%2C70&#038;ssl=1\" width=\"70\" height=\"70\" data-symbol=\"pf_trock 2\" alt=\"\"> <img data-recalc-dims=\"1\" loading=\"lazy\" decoding=\"async\" class=\"product-caresymbol\" src=\"https:\/\/i0.wp.com\/b2b.gruendl.com\/media\/e9\/49\/22\/1593448275\/G_TTKZ_Buegeln_Nicht.png?resize=70%2C70&#038;ssl=1\" width=\"70\" height=\"70\" data-symbol=\"pf_bueg 14\" alt=\"\"> <img data-recalc-dims=\"1\" loading=\"lazy\" decoding=\"async\" class=\"product-caresymbol\" src=\"https:\/\/i0.wp.com\/b2b.gruendl.com\/media\/29\/78\/bb\/1593448275\/G_TTKZ_Waesche_ChemischReinigenMgl.png?resize=70%2C70&#038;ssl=1\" width=\"70\" height=\"70\" data-symbol=\"pf_chem 1\" alt=\"\"> <img data-recalc-dims=\"1\" loading=\"lazy\" decoding=\"async\" class=\"product-caresymbol\" src=\"https:\/\/i0.wp.com\/b2b.gruendl.com\/media\/ba\/2b\/1d\/1618215910\/Liegend_waschen.png?resize=70%2C70&#038;ssl=1\" width=\"70\" height=\"70\" data-symbol=\"pf_liegtrock 1\" alt=\"\"><\/li>\n<\/ul>\n","protected":false},"excerpt":{"rendered":"<h2><strong>trendiges Bobbelgarn, 200g mit<\/strong><strong> breiten\u00a0<\/strong><strong>blau-lila-gr\u00fcnen Farbverlauf<\/strong><\/h2>\n<p><strong>Calore blau-lila-gr\u00fcn<\/strong> von Gr\u00fcndl setzt sich aus harmonisch aufeinander abgestimmten Farben zusammen mit einem breiten blau-lila-gr\u00fcnen Farbverlauf. Das <strong>200g-Kn\u00e4uel<\/strong> l\u00e4sst sich <strong>leicht und schnell stricken<\/strong> mit einer <b>Nadelst\u00e4rke von 5,0 \u2013 6,0.<\/b><\/p>\n<h3>pflegeleichtes Farbverlaufsgarn mit Colour-Blocking<\/h3>\n<p><strong>Calore blau-lila-gr\u00fcn<\/strong> ist ein pflegeleichter, klassischer 3-fach Zwirn. Das Colour-Blocking entsteht beim Stricken direkt aus dem Kn\u00e4uel, ohne l\u00e4stiges F\u00e4den vern\u00e4hen und ohne Anknoten.<\/p>\n","protected":false},"featured_media":10308,"template":"","meta":[],"product_brand":[],"product_cat":[189,216,55],"product_tag":[],"class_list":{"0":"post-10326","1":"product","2":"type-product","3":"status-publish","4":"has-post-thumbnail","6":"product_cat-bobbelgarn","7":"product_cat-calore-farbverlaufsgarn-200g-gruendl","8":"product_cat-schalgarn-muetzengarn","10":"first","11":"instock","12":"taxable","13":"shipping-taxable","14":"purchasable","15":"product-type-simple"},"_links":{"self":[{"href":"https:\/\/handel-sm.de\/wolle\/wp-json\/wp\/v2\/product\/10326","targetHints":{"allow":["GET"]}}],"collection":[{"href":"https:\/\/handel-sm.de\/wolle\/wp-json\/wp\/v2\/product"}],"about":[{"href":"https:\/\/handel-sm.de\/wolle\/wp-json\/wp\/v2\/types\/product"}],"wp:featuredmedia":[{"embeddable":true,"href":"https:\/\/handel-sm.de\/wolle\/wp-json\/wp\/v2\/media\/10308"}],"wp:attachment":[{"href":"https:\/\/handel-sm.de\/wolle\/wp-json\/wp\/v2\/media?parent=10326"}],"wp:term":[{"taxonomy":"product_brand","embeddable":true,"href":"https:\/\/handel-sm.de\/wolle\/wp-json\/wp\/v2\/product_brand?post=10326"},{"taxonomy":"product_cat","embeddable":true,"href":"https:\/\/handel-sm.de\/wolle\/wp-json\/wp\/v2\/product_cat?post=10326"},{"taxonomy":"product_tag","embeddable":true,"href":"https:\/\/handel-sm.de\/wolle\/wp-json\/wp\/v2\/product_tag?post=10326"}],"curies":[{"name":"wp","href":"https:\/\/api.w.org\/{rel}","templated":true}]}}