{"id":10294,"date":"2023-10-20T12:52:42","date_gmt":"2023-10-20T10:52:42","guid":{"rendered":"https:\/\/handel-sm.de\/wolle\/?post_type=product&#038;p=10294"},"modified":"2024-10-21T19:44:26","modified_gmt":"2024-10-21T17:44:26","slug":"scotland-schwefelgelb-200g-gruendl","status":"publish","type":"product","link":"https:\/\/handel-sm.de\/wolle\/scotland-schwefelgelb-200g-gruendl\/","title":{"rendered":"Scotland schwefelgelb 200g Gr\u00fcndl"},"content":{"rendered":"<h2><strong>Scotland schwefelgelb 200g mit Mohair-Anteil:<\/strong><\/h2>\n<p>Ein kuscheliges, anschmiegsames Garn in <strong>schwefelgelb<\/strong>, bei dem zwei weiche Dochtf\u00e4den miteinander verzwirnt sind. Durch den Mohair-Anteil hat das Garn einen flauschigen Charakter.<\/p>\n<p><strong>Scotland schwefelgelb 200g<\/strong> ist leicht zu stricken und zu h\u00e4keln f\u00fcr alle Arten von Strick- und H\u00e4kelmustern. Ein pflegeleichtes Dochtgarn, das schnell zu stricken ist durch seine Nadelst\u00e4rke 6-7 mm<\/p>\n<h3>Scotland <strong>schwefelgelb<\/strong> 200g von\u00a0 Gr\u00fcndl<\/h3>\n<p>ein kuscheliges, anschmiegsames Dochtgarn zum Stricken von Pullis und Jacken, Accessoires wie Schals, Loops, M\u00fctzen und Homedekos, wie Kissen und Plaids<\/p>\n<p><a href=\"https:\/\/handel-sm.de\/wolle\/scotland-200g-mohairanteil\/\">6 wundersch\u00f6ne melangierende Farbt\u00f6ne mit Tweed-Charakter<\/a> (hier klicken)<\/p>\n<ul>\n<li><strong>Zusammensetzung:<\/strong> 85 % Polyacryl, 15 % Mohair<\/li>\n<li><strong>Farbe: <\/strong>schwefelgelb<\/li>\n<li><strong>Saison:<\/strong> Herbst \/ Winter<\/li>\n<li><strong>Verbrauch:<\/strong> Pullover (Gr. 38) = 800 g | Loop und Stirnband = 400 g<\/li>\n<li><strong>Gewicht \/ Laufl\u00e4nge:<\/strong> 200 g \/ 264 m<\/li>\n<li><strong>Nadelst\u00e4rke :<\/strong> 6 mm &#8211; 7 mm<\/li>\n<li><strong>Maschenprobe:<\/strong> 14 M x 19 R = 10 x 10 cm<\/li>\n<li><strong>Zertifikat:<\/strong> <a href=\"https:\/\/www.oeko-tex.com\/de\/label-check\/detail?number=10.0.77554\" target=\"_blank\" rel=\"noopener\">STANDARD 100 by OEKO-TEX\u00ae10.0.77554 Hohenstein HTTI<\/a><\/li>\n<\/ul>\n<h2><strong>Pflegehinweise: <\/strong><\/h2>\n<ul>\n<li>Schonwaschgang, max. 30 \u00b0C<\/li>\n<li>am besten Woll-Wiege-Programm<\/li>\n<li>fl\u00fcssiges Fein- oder Wollwaschmittel<\/li>\n<li>Strickst\u00fccke liegend auf einem Handtuh trocknen und dabei in die richtige Form ziehen<\/li>\n<li>nicht B\u00fcgeln<\/li>\n<li>Chlorbleiche nicht m\u00f6glich<\/li>\n<li>nicht im Trockner trocknen<\/li>\n<li>Professionelle Chemischreinigung m\u00f6glich<\/li>\n<li><img data-recalc-dims=\"1\" loading=\"lazy\" decoding=\"async\" class=\"product-caresymbol\" src=\"https:\/\/i0.wp.com\/b2b.gruendl.com\/media\/a0\/7c\/35\/1593448275\/G_TTKZ_Waesche_Wollwaschgang_30.png?resize=79%2C79&#038;ssl=1\" width=\"79\" height=\"79\" data-symbol=\"pf_wasch 9\" alt=\"\"> <img data-recalc-dims=\"1\" loading=\"lazy\" decoding=\"async\" class=\"product-caresymbol\" src=\"https:\/\/i0.wp.com\/b2b.gruendl.com\/media\/32\/47\/40\/1593448276\/G_TTKZ_Waesche_NichtBleichen.png?resize=78%2C78&#038;ssl=1\" width=\"78\" height=\"78\" data-symbol=\"pf_bleich 2\" alt=\"\"> <img data-recalc-dims=\"1\" loading=\"lazy\" decoding=\"async\" class=\"product-caresymbol\" src=\"https:\/\/i0.wp.com\/b2b.gruendl.com\/media\/c1\/39\/50\/1593448276\/G_TTKZ_Waesche_KeinTrockner.png?resize=80%2C80&#038;ssl=1\" width=\"80\" height=\"80\" data-symbol=\"pf_trock 2\" alt=\"\"> <img data-recalc-dims=\"1\" loading=\"lazy\" decoding=\"async\" class=\"product-caresymbol\" src=\"https:\/\/i0.wp.com\/b2b.gruendl.com\/media\/e9\/49\/22\/1593448275\/G_TTKZ_Buegeln_Nicht.png?resize=80%2C80&#038;ssl=1\" width=\"80\" height=\"80\" data-symbol=\"pf_bueg 14\" alt=\"\"> <img data-recalc-dims=\"1\" loading=\"lazy\" decoding=\"async\" class=\"product-caresymbol\" src=\"https:\/\/i0.wp.com\/b2b.gruendl.com\/media\/29\/78\/bb\/1593448275\/G_TTKZ_Waesche_ChemischReinigenMgl.png?resize=79%2C79&#038;ssl=1\" width=\"79\" height=\"79\" data-symbol=\"pf_chem 1\" alt=\"\"> <img data-recalc-dims=\"1\" loading=\"lazy\" decoding=\"async\" class=\"product-caresymbol\" src=\"https:\/\/i0.wp.com\/b2b.gruendl.com\/media\/ba\/2b\/1d\/1618215910\/Liegend_waschen.png?resize=79%2C79&#038;ssl=1\" width=\"79\" height=\"79\" data-symbol=\"pf_liegtrock 1\" alt=\"\"><\/li>\n<\/ul>\n","protected":false},"excerpt":{"rendered":"<h2><strong>Scotland schwefelgelb 200g mit Mohair-Anteil:<\/strong><\/h2>\n<p>Ein kuscheliges, anschmiegsames Garn in schwefelgelb, bei dem zwei weiche Dochtf\u00e4den miteinander verzwirnt sind. Durch den Mohair-Anteil hat das Garn einen flauschigen Charakter.<\/p>\n","protected":false},"featured_media":10265,"template":"","meta":[],"product_brand":[],"product_cat":[215,225,55],"product_tag":[],"class_list":{"0":"post-10294","1":"product","2":"type-product","3":"status-publish","4":"has-post-thumbnail","6":"product_cat-scotland-200g-mohairanteil","7":"product_cat-dochtgarn","8":"product_cat-schalgarn-muetzengarn","10":"first","11":"instock","12":"taxable","13":"shipping-taxable","14":"purchasable","15":"product-type-simple"},"_links":{"self":[{"href":"https:\/\/handel-sm.de\/wolle\/wp-json\/wp\/v2\/product\/10294","targetHints":{"allow":["GET"]}}],"collection":[{"href":"https:\/\/handel-sm.de\/wolle\/wp-json\/wp\/v2\/product"}],"about":[{"href":"https:\/\/handel-sm.de\/wolle\/wp-json\/wp\/v2\/types\/product"}],"wp:featuredmedia":[{"embeddable":true,"href":"https:\/\/handel-sm.de\/wolle\/wp-json\/wp\/v2\/media\/10265"}],"wp:attachment":[{"href":"https:\/\/handel-sm.de\/wolle\/wp-json\/wp\/v2\/media?parent=10294"}],"wp:term":[{"taxonomy":"product_brand","embeddable":true,"href":"https:\/\/handel-sm.de\/wolle\/wp-json\/wp\/v2\/product_brand?post=10294"},{"taxonomy":"product_cat","embeddable":true,"href":"https:\/\/handel-sm.de\/wolle\/wp-json\/wp\/v2\/product_cat?post=10294"},{"taxonomy":"product_tag","embeddable":true,"href":"https:\/\/handel-sm.de\/wolle\/wp-json\/wp\/v2\/product_tag?post=10294"}],"curies":[{"name":"wp","href":"https:\/\/api.w.org\/{rel}","templated":true}]}}