{"id":10036,"date":"2022-10-25T13:10:25","date_gmt":"2022-10-25T11:10:25","guid":{"rendered":"https:\/\/handel-sm.de\/wolle\/?post_type=product&#038;p=10036"},"modified":"2026-01-18T13:24:20","modified_gmt":"2026-01-18T12:24:20","slug":"colourful-ziegelrot-ocker-hellblau-jeans-lila200g","status":"publish","type":"product","link":"https:\/\/handel-sm.de\/wolle\/colourful-ziegelrot-ocker-hellblau-jeans-lila200g\/","title":{"rendered":"Colourful ziegelrot-ocker-hellblau-jeans-lila,200g"},"content":{"rendered":"<h2>Bobbelgarn Colourful ziegelrot-ocker-hellblau-jeans-lila<\/h2>\n<h3>pflegeleichtes Farbverlaufsgarn (200 g) von Gr\u00fcndl<\/h3>\n<p>Ein pflegeleichtes Farbverlaufsgarn, das kann dank Superwash-Ausr\u00fcstung problemlos in der Maschine gewaschen werden, ohne dabei zu verfilzen. <a href=\"https:\/\/handel-sm.de\/blog\/superwash\/\">filzfrei durch Superwash-Effekt<\/a> Colourful senf-beige-t\u00fcrkisblau-grau ist ein Kuschelgarn mit <span dir=\"ltr\" role=\"presentation\">65 % Schurwolle<\/span> <span dir=\"ltr\" role=\"presentation\">(superwash) und <\/span><span dir=\"ltr\" role=\"presentation\">35 % Polyacryl<\/span>. Geringer Materialverbrauch; 1 Bobbel (200 g) reicht f\u00fcr ein Dreieckstuch, Anleitung in der Banderole. 2 Bobbel (400 g) reichen f\u00fcr einen Pullover Gr\u00f6\u00dfe 38.<\/p>\n<h3>Colourful ziegelrot-ocker-hellblau-jeans-lila &#8211; Markengarn von Gr\u00fcndl<\/h3>\n<p>Bunte Strickst\u00fccke entstehen auch ohne besondere Muster. Durch den mehrfarbigen, langen Farbverlauf entstehen viele verschiedene Farbnuancen. <strong>Verwendung: <\/strong>F\u00fcr ein Dreieckstuch (Anleitung auf der Banderole) M\u00fctzen, Schals, Loops geeignet, aber auch zum Stricken von Kuschelpullis und warmen Jacken.<\/p>\n<ul>\n<li><strong>Zusammensetzung:<\/strong> 65 % <span dir=\"ltr\" role=\"presentation\">Schurwolle<\/span> <span dir=\"ltr\" role=\"presentation\">(superwash), <\/span><span dir=\"ltr\" role=\"presentation\">35 % Polyacryl<\/span><\/li>\n<li><strong>Farbe:<\/strong> ziegelrot-ocker-hellblau-jeans-lila<\/li>\n<li><strong>Saison:<\/strong> Winter<\/li>\n<li><strong>Verbrauch:<\/strong> Pullover (Gr. 38) = 400 g; 1 Kn\u00e4uel (200 g) reicht f\u00fcr ein Dreieckstuch &gt; Anleitung in der Banderole<\/li>\n<li><strong>Laufl\u00e4nge:<\/strong> 200 g \/ 510 m<\/li>\n<li><strong>Nadelst\u00e4rke :<\/strong> 3 &#8211; 4 mm<\/li>\n<li><strong>Maschenprobe:<\/strong> 10 x 10 cm = 22 M x 30 R<\/li>\n<li><strong>Waschanleitung:<\/strong> <img data-recalc-dims=\"1\" loading=\"lazy\" decoding=\"async\" class=\"pflegehinweis_icon pflegehinweis-special_delicate_washing_cycle_max_30_c\" title=\"special delicate washing cycle, max. 30 \u00b0C\" src=\"https:\/\/i0.wp.com\/www.gruendl-wolle.de\/sites\/default\/files\/styles\/60x60\/public\/Produkt\/Pflegehinweise\/G_TTKZ_Waesche_Wollwaschgang_30s.png?resize=60%2C60&#038;ssl=1\" alt=\"special delicate washing cycle, max. 30 \u00b0C\" width=\"60\" height=\"60\" \/><img data-recalc-dims=\"1\" loading=\"lazy\" decoding=\"async\" class=\"pflegehinweis_icon pflegehinweis-chlorine_for_bleaching_not_possible\" title=\"chlorine for bleaching not possible\" src=\"https:\/\/i0.wp.com\/www.gruendl-wolle.de\/sites\/default\/files\/styles\/60x60\/public\/Produkt\/Pflegehinweise\/G_TTKZ_Waesche_NichtBleichen.png?resize=60%2C60&#038;ssl=1\" alt=\"chlorine for bleaching not possible\" width=\"60\" height=\"60\" \/><img data-recalc-dims=\"1\" loading=\"lazy\" decoding=\"async\" class=\"pflegehinweis_icon pflegehinweis-do_not_put_in_the_dryer\" title=\"do not put in the dryer\" src=\"https:\/\/i0.wp.com\/www.gruendl-wolle.de\/sites\/default\/files\/styles\/60x60\/public\/Produkt\/Pflegehinweise\/G_TTKZ_Waesche_KeinTrockner.png?resize=60%2C60&#038;ssl=1\" alt=\"do not put in the dryer\" width=\"60\" height=\"60\" \/><img data-recalc-dims=\"1\" loading=\"lazy\" decoding=\"async\" class=\"pflegehinweis_icon pflegehinweis-do_not_iron\" title=\"Do not iron\" src=\"https:\/\/i0.wp.com\/www.gruendl-wolle.de\/sites\/default\/files\/styles\/60x60\/public\/Produkt\/Pflegehinweise\/G_TTKZ_Buegeln_Nicht.png?resize=60%2C60&#038;ssl=1\" alt=\"Do not iron\" width=\"60\" height=\"60\" \/> <img data-recalc-dims=\"1\" loading=\"lazy\" decoding=\"async\" class=\"pflegehinweis_icon pflegehinweis-porfessional_dry_cleaning_possible\" title=\"porfessional dry cleaning possible\" src=\"https:\/\/i0.wp.com\/www.gruendl-wolle.de\/sites\/default\/files\/styles\/60x60\/public\/Produkt\/Pflegehinweise\/G_TTKZ_Waesche_ChemischReinigenMgl.png?resize=60%2C60&#038;ssl=1\" alt=\"porfessional dry cleaning possible\" width=\"60\" height=\"60\" \/><\/li>\n<\/ul>\n","protected":false},"excerpt":{"rendered":"<h2>buntes Bobbelgarn Colourful ziegelrot-ocker-hellblau-jeans-lila<\/h2>\n<p><strong>pflegeleichtes Farbverlaufsgarn (200 g) von Gr\u00fcndl <\/strong>mit 65 % <span dir=\"ltr\" role=\"presentation\">Schurwolle<\/span> <span dir=\"ltr\" role=\"presentation\">(superwash)<\/span> <strong>Geringer Materialverbrauch:<\/strong> 1 Gro\u00dfkn\u00e4uel (200 g) reicht f\u00fcr ein Dreieckstuch, Anleitung in der Banderole.; 2 Gro\u00dfkn\u00e4uel (400 g) f\u00fcr einen Pullover Gr\u00f6\u00dfe 38<\/p>\n","protected":false},"featured_media":10041,"template":"","meta":[],"product_brand":[],"product_cat":[189,55],"product_tag":[],"class_list":{"0":"post-10036","1":"product","2":"type-product","3":"status-publish","4":"has-post-thumbnail","6":"product_cat-bobbelgarn","7":"product_cat-schalgarn-muetzengarn","9":"first","10":"outofstock","11":"taxable","12":"shipping-taxable","13":"purchasable","14":"product-type-simple"},"_links":{"self":[{"href":"https:\/\/handel-sm.de\/wolle\/wp-json\/wp\/v2\/product\/10036","targetHints":{"allow":["GET"]}}],"collection":[{"href":"https:\/\/handel-sm.de\/wolle\/wp-json\/wp\/v2\/product"}],"about":[{"href":"https:\/\/handel-sm.de\/wolle\/wp-json\/wp\/v2\/types\/product"}],"wp:featuredmedia":[{"embeddable":true,"href":"https:\/\/handel-sm.de\/wolle\/wp-json\/wp\/v2\/media\/10041"}],"wp:attachment":[{"href":"https:\/\/handel-sm.de\/wolle\/wp-json\/wp\/v2\/media?parent=10036"}],"wp:term":[{"taxonomy":"product_brand","embeddable":true,"href":"https:\/\/handel-sm.de\/wolle\/wp-json\/wp\/v2\/product_brand?post=10036"},{"taxonomy":"product_cat","embeddable":true,"href":"https:\/\/handel-sm.de\/wolle\/wp-json\/wp\/v2\/product_cat?post=10036"},{"taxonomy":"product_tag","embeddable":true,"href":"https:\/\/handel-sm.de\/wolle\/wp-json\/wp\/v2\/product_tag?post=10036"}],"curies":[{"name":"wp","href":"https:\/\/api.w.org\/{rel}","templated":true}]}}