{"id":100,"date":"2018-01-01T19:41:14","date_gmt":"2018-01-01T18:41:14","guid":{"rendered":"http:\/\/handel-sm.de\/wolle\/produkt\/import-placeholder-for-241\/"},"modified":"2025-02-04T10:22:40","modified_gmt":"2025-02-04T09:22:40","slug":"joy-tweed-anti-pilling-beige","status":"publish","type":"product","link":"https:\/\/handel-sm.de\/wolle\/joy-tweed-anti-pilling-beige\/","title":{"rendered":"Joy Tweed Anti-Pilling beige"},"content":{"rendered":"<p>Hochwertiges, besonders weiches Handstrickgarn in Beige, das mit jeder W\u00e4sche sch\u00f6ner wird. Dank Anti-Pilling-Effekt keine Kn\u00f6tchenbildung beim Verarbeiten.<\/p>\n<p><strong>Zusammensetzung:<\/strong> 100% Polyacryl Anti-Pilling<br \/>\n<strong>Laufl\u00e4nge: <\/strong>100 g = ca. 200 m<br \/>\n<strong>Nadelst\u00e4rke:<\/strong> 4,5-5,5<br \/>\n<strong>Maschenprobe:<\/strong> 10 x 10 cm = 17 M\/25 R<br \/>\n<strong>Pullover Gr. 38:<\/strong> ca. 400 g<\/p>\n","protected":false},"excerpt":{"rendered":"<p>Hochwertiges, besonders weiches Handstrickgarn in Beige, das mit jeder W\u00e4sche sch\u00f6ner wird. Dank Anti-Pilling-Effekt!<\/p>\n","protected":false},"featured_media":67,"template":"","meta":[],"product_brand":[],"product_cat":[33],"product_tag":[108,72],"class_list":{"0":"post-100","1":"product","2":"type-product","3":"status-publish","4":"has-post-thumbnail","6":"product_cat-joy-tweed-anti-pilling","7":"product_tag-hochwertiges-weiches-handstrickgarn","8":"product_tag-joy-tweed-anti-pilling-beige-online-kaufen","10":"first","11":"outofstock","12":"taxable","13":"shipping-taxable","14":"purchasable","15":"product-type-simple"},"_links":{"self":[{"href":"https:\/\/handel-sm.de\/wolle\/wp-json\/wp\/v2\/product\/100","targetHints":{"allow":["GET"]}}],"collection":[{"href":"https:\/\/handel-sm.de\/wolle\/wp-json\/wp\/v2\/product"}],"about":[{"href":"https:\/\/handel-sm.de\/wolle\/wp-json\/wp\/v2\/types\/product"}],"wp:featuredmedia":[{"embeddable":true,"href":"https:\/\/handel-sm.de\/wolle\/wp-json\/wp\/v2\/media\/67"}],"wp:attachment":[{"href":"https:\/\/handel-sm.de\/wolle\/wp-json\/wp\/v2\/media?parent=100"}],"wp:term":[{"taxonomy":"product_brand","embeddable":true,"href":"https:\/\/handel-sm.de\/wolle\/wp-json\/wp\/v2\/product_brand?post=100"},{"taxonomy":"product_cat","embeddable":true,"href":"https:\/\/handel-sm.de\/wolle\/wp-json\/wp\/v2\/product_cat?post=100"},{"taxonomy":"product_tag","embeddable":true,"href":"https:\/\/handel-sm.de\/wolle\/wp-json\/wp\/v2\/product_tag?post=100"}],"curies":[{"name":"wp","href":"https:\/\/api.w.org\/{rel}","templated":true}]}}